{"id":1101,"date":"2023-04-12T15:17:44","date_gmt":"2023-04-12T13:17:44","guid":{"rendered":"http:\/\/az-serwer1862899.online.pro\/autoinstalator\/wordpress4\/?post_type=product&#038;p=1101"},"modified":"2024-03-24T21:13:53","modified_gmt":"2024-03-24T20:13:53","slug":"naroznik-pcv-z-noskiem-i-siatka","status":"publish","type":"product","link":"https:\/\/profigips.com\/de\/product\/naroznik-pcv-z-noskiem-i-siatka\/","title":{"rendered":"PVC-Ecke mit Nase und Netz"},"content":{"rendered":"<ul>\n<li>glatte Kante des Winkelst\u00fccks zur leichteren Bearbeitung,<\/li>\n<li>erm\u00f6glicht es, gerade und gleichm\u00e4\u00dfige Fassadenkanten zu erzielen,<\/li>\n<li>innovative, rei\u00dffeste Verbindung zwischen dem Netz und dem Profil,<\/li>\n<li>Die Maschenverklebung ist best\u00e4ndig gegen hohe Temperaturen und chemische L\u00f6sungsmittel,<\/li>\n<\/ul>\n<p>&nbsp;<\/p>\n<p>Erkl\u00e4rung der technischen Merkmale:<\/p>\n<p><a href=\"\/wp-content\/uploads\/2023\/04\/DWU-11_2023-Narozniki-PCV-z-siatka_PNS.pdf\">DWU 11_2023 PVC-Ecken mit Netz_PNS<\/a><\/p>\n<p>Technische Informationen:<\/p>\n<p><a href=\"\/wp-content\/uploads\/2023\/04\/Informacja-techniczna_Produkty-do-docieplen.pdf\">Technische Informationen_ W\u00e4rmed\u00e4mmprodukte<\/a><\/p>","protected":false},"excerpt":{"rendered":"<p>glatte Kante der Eckwulst f\u00fcr einfache Verarbeitung, erm\u00f6glicht gerade und gleichm\u00e4\u00dfige Fassadenkanten, innovative Verbindung zwischen Gewebe und Profil f\u00fcr Rei\u00dffestigkeit, Gewebeverbund best\u00e4ndig gegen hohe Temperaturen und chemische L\u00f6sungsmittel, Erkl\u00e4rung der technischen Eigenschaften: DWU 11_2023 PVC-Ecken mit Gewebe_PNS Technische Information: Technische Information_Produkte zur W\u00e4rmed\u00e4mmung<\/p>","protected":false},"featured_media":1103,"comment_status":"open","ping_status":"closed","template":"","meta":{"_acf_changed":false},"product_cat":[21],"product_tag":[27],"class_list":{"0":"post-1101","1":"product","2":"type-product","3":"status-publish","4":"has-post-thumbnail","6":"product_cat-do-wykonczen","7":"product_tag-pcv","9":"first","10":"instock","11":"shipping-taxable","12":"product-type-simple"},"acf":[],"_links":{"self":[{"href":"https:\/\/profigips.com\/de\/wp-json\/wp\/v2\/product\/1101","targetHints":{"allow":["GET"]}}],"collection":[{"href":"https:\/\/profigips.com\/de\/wp-json\/wp\/v2\/product"}],"about":[{"href":"https:\/\/profigips.com\/de\/wp-json\/wp\/v2\/types\/product"}],"replies":[{"embeddable":true,"href":"https:\/\/profigips.com\/de\/wp-json\/wp\/v2\/comments?post=1101"}],"wp:featuredmedia":[{"embeddable":true,"href":"https:\/\/profigips.com\/de\/wp-json\/wp\/v2\/media\/1103"}],"wp:attachment":[{"href":"https:\/\/profigips.com\/de\/wp-json\/wp\/v2\/media?parent=1101"}],"wp:term":[{"taxonomy":"product_cat","embeddable":true,"href":"https:\/\/profigips.com\/de\/wp-json\/wp\/v2\/product_cat?post=1101"},{"taxonomy":"product_tag","embeddable":true,"href":"https:\/\/profigips.com\/de\/wp-json\/wp\/v2\/product_tag?post=1101"}],"curies":[{"name":"wp","href":"https:\/\/api.w.org\/{rel}","templated":true}]}}