{"id":1138,"date":"2023-04-12T16:45:19","date_gmt":"2023-04-12T14:45:19","guid":{"rendered":"http:\/\/az-serwer1862899.online.pro\/autoinstalator\/wordpress4\/?post_type=product&#038;p=1138"},"modified":"2024-03-24T21:12:27","modified_gmt":"2024-03-24T20:12:27","slug":"naroznik-aluminiowy-moletowany-z-siatka","status":"publish","type":"product","link":"https:\/\/profigips.com\/de\/product\/naroznik-aluminiowy-moletowany-z-siatka\/","title":{"rendered":"Aluminium-Eckwulst mit Netz"},"content":{"rendered":"<ul>\n<li>st\u00e4rkt die Ecke<\/li>\n<li>erm\u00f6glicht gerade und gleichm\u00e4\u00dfige Fassadenkanten zu erzielen<\/li>\n<\/ul>\n<p>&nbsp;<\/p>\n<p>Erkl\u00e4rung zur Leistung:<\/p>\n<p><a href=\"\/wp-content\/uploads\/2023\/04\/DWU-03_2023-Aluminiowe-narozniki-i-polnarozniki-z-siatka_ANS_APS.pdf\">DWU 03_2023 Aluminiumecken und halbe Ecken mit Netz_ANS_APS<\/a><\/p>","protected":false},"excerpt":{"rendered":"<p>verst\u00e4rkt die Ecke, um gerade und gleichm\u00e4\u00dfige Fassadenkanten zu erzielen Erkl\u00e4rung der Leistungsf\u00e4higkeit: DWU 03_2023 Aluminiumecken und halbe Ecken mit Gewebe_ANS_APS<\/p>","protected":false},"featured_media":1140,"comment_status":"open","ping_status":"closed","template":"","meta":{"_acf_changed":false},"product_cat":[21,31],"product_tag":[28],"class_list":{"0":"post-1138","1":"product","2":"type-product","3":"status-publish","4":"has-post-thumbnail","6":"product_cat-do-wykonczen","7":"product_cat-szczegolnie-polecane","8":"product_tag-aluminium","10":"first","11":"instock","12":"shipping-taxable","13":"product-type-simple"},"acf":[],"_links":{"self":[{"href":"https:\/\/profigips.com\/de\/wp-json\/wp\/v2\/product\/1138","targetHints":{"allow":["GET"]}}],"collection":[{"href":"https:\/\/profigips.com\/de\/wp-json\/wp\/v2\/product"}],"about":[{"href":"https:\/\/profigips.com\/de\/wp-json\/wp\/v2\/types\/product"}],"replies":[{"embeddable":true,"href":"https:\/\/profigips.com\/de\/wp-json\/wp\/v2\/comments?post=1138"}],"wp:featuredmedia":[{"embeddable":true,"href":"https:\/\/profigips.com\/de\/wp-json\/wp\/v2\/media\/1140"}],"wp:attachment":[{"href":"https:\/\/profigips.com\/de\/wp-json\/wp\/v2\/media?parent=1138"}],"wp:term":[{"taxonomy":"product_cat","embeddable":true,"href":"https:\/\/profigips.com\/de\/wp-json\/wp\/v2\/product_cat?post=1138"},{"taxonomy":"product_tag","embeddable":true,"href":"https:\/\/profigips.com\/de\/wp-json\/wp\/v2\/product_tag?post=1138"}],"curies":[{"name":"wp","href":"https:\/\/api.w.org\/{rel}","templated":true}]}}