{"id":1144,"date":"2023-04-12T17:13:20","date_gmt":"2023-04-12T15:13:20","guid":{"rendered":"http:\/\/az-serwer1862899.online.pro\/autoinstalator\/wordpress4\/?post_type=product&#038;p=1144"},"modified":"2024-03-24T21:15:00","modified_gmt":"2024-03-24T20:15:00","slug":"naroznik-stalowy-z-siatka","status":"publish","type":"product","link":"https:\/\/profigips.com\/de\/product\/naroznik-stalowy-z-siatka\/","title":{"rendered":"Stahleckleiste mit Gitter f\u00fcr Gipskartonplatten"},"content":{"rendered":"<ul>\n<li>verbessert die \u00c4sthetik der Oberfl\u00e4che.<\/li>\n<li>sch\u00fctzt Eckw\u00e4nde<\/li>\n<\/ul>\n<p>&nbsp;<\/p>\n<p>&nbsp;<\/p>\n<p>&nbsp;<\/p>\n<p>&nbsp;<\/p>\n<p>Erkl\u00e4rung zur Leistung:<br \/>\n<a href=\"\/wp-content\/uploads\/2023\/04\/DWU-03_2023-Alulmioniowe-narozniki-i-polnarozniki-z-siatka.pdf\">DWU 03_2023 Alulmioni-Ecken und halbe Ecken mit Netz<\/a><\/p>","protected":false},"excerpt":{"rendered":"<p>verbessert die \u00c4sthetik der Oberfl\u00e4che. sch\u00fctzt Eckw\u00e4nde Erkl\u00e4rung der Leistung: DWU 03_2023 Alulmioni Eck- und Halbecken mit Netz.<\/p>","protected":false},"featured_media":1145,"comment_status":"open","ping_status":"closed","template":"","meta":{"_acf_changed":false},"product_cat":[21,30,31],"product_tag":[28],"class_list":{"0":"post-1144","1":"product","2":"type-product","3":"status-publish","4":"has-post-thumbnail","6":"product_cat-do-wykonczen","7":"product_cat-nowosci","8":"product_cat-szczegolnie-polecane","9":"product_tag-aluminium","11":"first","12":"instock","13":"shipping-taxable","14":"product-type-simple"},"acf":[],"_links":{"self":[{"href":"https:\/\/profigips.com\/de\/wp-json\/wp\/v2\/product\/1144","targetHints":{"allow":["GET"]}}],"collection":[{"href":"https:\/\/profigips.com\/de\/wp-json\/wp\/v2\/product"}],"about":[{"href":"https:\/\/profigips.com\/de\/wp-json\/wp\/v2\/types\/product"}],"replies":[{"embeddable":true,"href":"https:\/\/profigips.com\/de\/wp-json\/wp\/v2\/comments?post=1144"}],"wp:featuredmedia":[{"embeddable":true,"href":"https:\/\/profigips.com\/de\/wp-json\/wp\/v2\/media\/1145"}],"wp:attachment":[{"href":"https:\/\/profigips.com\/de\/wp-json\/wp\/v2\/media?parent=1144"}],"wp:term":[{"taxonomy":"product_cat","embeddable":true,"href":"https:\/\/profigips.com\/de\/wp-json\/wp\/v2\/product_cat?post=1144"},{"taxonomy":"product_tag","embeddable":true,"href":"https:\/\/profigips.com\/de\/wp-json\/wp\/v2\/product_tag?post=1144"}],"curies":[{"name":"wp","href":"https:\/\/api.w.org\/{rel}","templated":true}]}}