{"id":1148,"date":"2023-04-12T17:32:08","date_gmt":"2023-04-12T15:32:08","guid":{"rendered":"http:\/\/az-serwer1862899.online.pro\/autoinstalator\/wordpress4\/?post_type=product&#038;p=1148"},"modified":"2024-03-24T20:55:27","modified_gmt":"2024-03-24T19:55:27","slug":"lacznik-z-trzpieniem-tworzywowym-2","status":"publish","type":"product","link":"https:\/\/profigips.com\/de\/product\/lacznik-z-trzpieniem-tworzywowym-2\/","title":{"rendered":"Spindelanschluss aus Kunststoff"},"content":{"rendered":"<ul>\n<li>f\u00fcr die mechanische Befestigung von W\u00e4rmed\u00e4mmplatten aus Polystyrol oder Mineralwolle an W\u00e4nden<\/li>\n<\/ul>","protected":false},"excerpt":{"rendered":"<p>f\u00fcr die mechanische Befestigung von W\u00e4rmed\u00e4mmplatten aus Polystyrol oder Mineralwolle an W\u00e4nden<\/p>","protected":false},"featured_media":1150,"comment_status":"open","ping_status":"closed","template":"","meta":{"_acf_changed":false},"product_cat":[20],"product_tag":[27],"class_list":{"0":"post-1148","1":"product","2":"type-product","3":"status-publish","4":"has-post-thumbnail","6":"product_cat-do-ocieplen","7":"product_tag-pcv","9":"first","10":"instock","11":"shipping-taxable","12":"product-type-simple"},"acf":[],"_links":{"self":[{"href":"https:\/\/profigips.com\/de\/wp-json\/wp\/v2\/product\/1148","targetHints":{"allow":["GET"]}}],"collection":[{"href":"https:\/\/profigips.com\/de\/wp-json\/wp\/v2\/product"}],"about":[{"href":"https:\/\/profigips.com\/de\/wp-json\/wp\/v2\/types\/product"}],"replies":[{"embeddable":true,"href":"https:\/\/profigips.com\/de\/wp-json\/wp\/v2\/comments?post=1148"}],"wp:featuredmedia":[{"embeddable":true,"href":"https:\/\/profigips.com\/de\/wp-json\/wp\/v2\/media\/1150"}],"wp:attachment":[{"href":"https:\/\/profigips.com\/de\/wp-json\/wp\/v2\/media?parent=1148"}],"wp:term":[{"taxonomy":"product_cat","embeddable":true,"href":"https:\/\/profigips.com\/de\/wp-json\/wp\/v2\/product_cat?post=1148"},{"taxonomy":"product_tag","embeddable":true,"href":"https:\/\/profigips.com\/de\/wp-json\/wp\/v2\/product_tag?post=1148"}],"curies":[{"name":"wp","href":"https:\/\/api.w.org\/{rel}","templated":true}]}}