{"id":157,"date":"2023-03-23T06:27:02","date_gmt":"2023-03-23T05:27:02","guid":{"rendered":"http:\/\/az-serwer1862899.online.pro\/autoinstalator\/wordpress4\/?post_type=product&#038;p=157"},"modified":"2025-03-24T18:25:07","modified_gmt":"2025-03-24T17:25:07","slug":"naroznik-profigips-do-tynkow","status":"publish","type":"product","link":"https:\/\/profigips.com\/de\/product\/naroznik-profigips-do-tynkow\/","title":{"rendered":"PROFIGIPS Gipsecke"},"content":{"rendered":"<ul>\n<li>verwendet f\u00fcr Gipsputz<\/li>\n<li>starr und leicht zu installieren<\/li>\n<li>verunreinigt keine F\u00fcllmassen w\u00e4hrend der Verarbeitung<\/li>\n<li>best\u00e4ndig gegen mechanische Besch\u00e4digungen, Bauchemikalien und Witterungseinfl\u00fcsse<\/li>\n<\/ul>\n<p>Aufgrund des fehlenden Korrosionspotentials kann es in Bereichen mit hoher Luftfeuchtigkeit eingesetzt werden (Au\u00dfenputz, Schwimmb\u00e4der, B\u00e4der, K\u00fcchen, Garagen, Keller usw.).<\/p>\n<p>Erkl\u00e4rung zur Leistung: <a href=\"\/wp-content\/uploads\/2023\/03\/DWU-05_2023-Naroznik-PROFIGIPS_PMT.pdf\">DWU 05_2023 PROFIGIPS_PMT Eckeinheit<\/a><\/p>","protected":false},"excerpt":{"rendered":"<p>wird auf Gipsputz aufgetragen, ist starr und leicht zu verlegen, verschmutzt die Fugenmasse bei der Verarbeitung nicht, ist widerstandsf\u00e4hig gegen mechanische Besch\u00e4digungen, Bauchemikalien und Witterungseinfl\u00fcsse und kann aufgrund der fehlenden Korrosionsm\u00f6glichkeit in Bereichen mit hoher Luftfeuchtigkeit verwendet werden (Au\u00dfenputz, Schwimmb\u00e4der, B\u00e4der, K\u00fcchen, Garagen, Keller usw.). Erkl\u00e4rung der Leistung: DWU [...].<\/p>","protected":false},"featured_media":1051,"comment_status":"open","ping_status":"closed","template":"","meta":{"_acf_changed":false},"product_cat":[19,30,31],"product_tag":[27,29],"class_list":{"0":"post-157","1":"product","2":"type-product","3":"status-publish","4":"has-post-thumbnail","6":"product_cat-do-tynkowania","7":"product_cat-nowosci","8":"product_cat-szczegolnie-polecane","9":"product_tag-pcv","10":"product_tag-stal","12":"first","13":"instock","14":"shipping-taxable","15":"product-type-simple"},"acf":[],"_links":{"self":[{"href":"https:\/\/profigips.com\/de\/wp-json\/wp\/v2\/product\/157","targetHints":{"allow":["GET"]}}],"collection":[{"href":"https:\/\/profigips.com\/de\/wp-json\/wp\/v2\/product"}],"about":[{"href":"https:\/\/profigips.com\/de\/wp-json\/wp\/v2\/types\/product"}],"replies":[{"embeddable":true,"href":"https:\/\/profigips.com\/de\/wp-json\/wp\/v2\/comments?post=157"}],"wp:featuredmedia":[{"embeddable":true,"href":"https:\/\/profigips.com\/de\/wp-json\/wp\/v2\/media\/1051"}],"wp:attachment":[{"href":"https:\/\/profigips.com\/de\/wp-json\/wp\/v2\/media?parent=157"}],"wp:term":[{"taxonomy":"product_cat","embeddable":true,"href":"https:\/\/profigips.com\/de\/wp-json\/wp\/v2\/product_cat?post=157"},{"taxonomy":"product_tag","embeddable":true,"href":"https:\/\/profigips.com\/de\/wp-json\/wp\/v2\/product_tag?post=157"}],"curies":[{"name":"wp","href":"https:\/\/api.w.org\/{rel}","templated":true}]}}