{"id":1716,"date":"2024-02-06T12:29:17","date_gmt":"2024-02-06T11:29:17","guid":{"rendered":"https:\/\/profigips.com\/?post_type=product&#038;p=1716"},"modified":"2024-03-24T21:04:00","modified_gmt":"2024-03-24T20:04:00","slug":"profil-przyokienny-procolor-z-siatka","status":"publish","type":"product","link":"https:\/\/profigips.com\/de\/product\/profil-przyokienny-procolor-z-siatka\/","title":{"rendered":"PROCOLOR Fensterprofil mit Netz"},"content":{"rendered":"<ul>\n<li><img decoding=\"async\" class=\"size-full wp-image-1718 alignright\" src=\"https:\/\/profigips.com\/wp-content\/uploads\/2024\/02\/logo_procolor.png\" alt=\"\" width=\"148\" height=\"48\" srcset=\"https:\/\/profigips.com\/wp-content\/uploads\/2024\/02\/logo_procolor.png 148w, https:\/\/profigips.com\/wp-content\/uploads\/2024\/02\/logo_procolor-18x6.png 18w\" sizes=\"(max-width: 148px) 100vw, 148px\" \/>universelle Passform - passt perfekt zu jeder Fensterfarbe und bewahrt die urspr\u00fcngliche \u00c4sthetik<\/li>\n<li>verhindert Risse in der Fuge zwischen Putz und Fensterrahmen<\/li>\n<li>sch\u00fctzt die Fenster vor Kratzern und Schmutz w\u00e4hrend der Arbeit<\/li>\n<li>verbessert die \u00c4sthetik der Putzoberfl\u00e4che<\/li>\n<li>bietet ein elegantes Aussehen und Witterungsbest\u00e4ndigkeit<\/li>\n<\/ul>\n<p>&nbsp;<\/p>\n<p>Werbematerial:<\/p>\n<p><a href=\"https:\/\/profigips.com\/wp-content\/uploads\/2024\/02\/Profigips_broszura_Procolor_2024.pdf\">Procolor Werbebrosch\u00fcre<\/a><\/p>\n<p>Erkl\u00e4rung der technischen Merkmale:<\/p>\n<p><a href=\"\/wp-content\/uploads\/2023\/04\/DWU-15_2023-Listwy-przyokienne-PCV-z-siatka_PPS.pdf\">DWU 15_2023 PVC-Fensterverkleidungen mit Netz_PPS<\/a><\/p>\n<p>Technische Informationen:<\/p>\n<p><a href=\"\/wp-content\/uploads\/2023\/04\/Informacja-techniczna_Listwy-przyokienne.pdf\">Technische Informationen_Fensterlamellen<\/a><\/p>\n<p>&nbsp;<\/p>\n<p>&nbsp;<\/p>","protected":false},"excerpt":{"rendered":"<p>universelle Passform - passt sich perfekt jeder Fensterfarbe an und bewahrt dabei die urspr\u00fcngliche \u00c4sthetik verhindert Risse an der Fuge zwischen Putz und Fensterrahmen sch\u00fctzt das Fenster vor Kratzern und Verschmutzungen w\u00e4hrend der Arbeiten verbessert die \u00c4sthetik des Putzes sorgt f\u00fcr ein elegantes Aussehen und Wetterbest\u00e4ndigkeit Werbematerial: Procolor Werbebrosch\u00fcre Erkl\u00e4rung der technischen Eigenschaften: DWU 15_2023 Fensterverkleidung [...].<\/p>","protected":false},"featured_media":1717,"comment_status":"open","ping_status":"closed","template":"","meta":{"_acf_changed":false},"product_cat":[20,30,31],"product_tag":[27],"class_list":{"0":"post-1716","1":"product","2":"type-product","3":"status-publish","4":"has-post-thumbnail","6":"product_cat-do-ocieplen","7":"product_cat-nowosci","8":"product_cat-szczegolnie-polecane","9":"product_tag-pcv","11":"first","12":"instock","13":"shipping-taxable","14":"product-type-simple"},"acf":[],"_links":{"self":[{"href":"https:\/\/profigips.com\/de\/wp-json\/wp\/v2\/product\/1716","targetHints":{"allow":["GET"]}}],"collection":[{"href":"https:\/\/profigips.com\/de\/wp-json\/wp\/v2\/product"}],"about":[{"href":"https:\/\/profigips.com\/de\/wp-json\/wp\/v2\/types\/product"}],"replies":[{"embeddable":true,"href":"https:\/\/profigips.com\/de\/wp-json\/wp\/v2\/comments?post=1716"}],"wp:featuredmedia":[{"embeddable":true,"href":"https:\/\/profigips.com\/de\/wp-json\/wp\/v2\/media\/1717"}],"wp:attachment":[{"href":"https:\/\/profigips.com\/de\/wp-json\/wp\/v2\/media?parent=1716"}],"wp:term":[{"taxonomy":"product_cat","embeddable":true,"href":"https:\/\/profigips.com\/de\/wp-json\/wp\/v2\/product_cat?post=1716"},{"taxonomy":"product_tag","embeddable":true,"href":"https:\/\/profigips.com\/de\/wp-json\/wp\/v2\/product_tag?post=1716"}],"curies":[{"name":"wp","href":"https:\/\/api.w.org\/{rel}","templated":true}]}}