{"id":864,"date":"2023-04-04T14:14:18","date_gmt":"2023-04-04T12:14:18","guid":{"rendered":"http:\/\/az-serwer1862899.online.pro\/autoinstalator\/wordpress4\/?post_type=product&#038;p=864"},"modified":"2024-03-24T21:19:40","modified_gmt":"2024-03-24T20:19:40","slug":"czarny-profil-przyokienny-z-uszczelka","status":"publish","type":"product","link":"https:\/\/profigips.com\/de\/product\/czarny-profil-przyokienny-z-uszczelka\/","title":{"rendered":"Schwarzes Fensterprofil mit Dichtung"},"content":{"rendered":"<ul>\n<li>verhindert Risse in der Fuge zwischen Putz und Fensterrahmen<\/li>\n<li>sch\u00fctzt die Fenster vor Kratzern und Schmutz w\u00e4hrend der Arbeit<\/li>\n<li>verbessert die \u00c4sthetik der Putzoberfl\u00e4che<\/li>\n<\/ul>\n<p>Erkl\u00e4rung der technischen Merkmale:<\/p>\n<p><a href=\"\/wp-content\/uploads\/2023\/04\/DWU-14_2023-Listwy-przyokienne-PCV_PP.pdf\">DWU 14_2023 PVC_PP Sockelleisten<\/a><\/p>\n<p>Technische Informationen:<\/p>\n<p><a href=\"\/wp-content\/uploads\/2023\/04\/Informacja-techniczna_Listwy-przyokienne.pdf\">Technische Informationen_Fensterlamellen<\/a><\/p>","protected":false},"excerpt":{"rendered":"<p>verhindert Risse an der Fuge zwischen Putz und Fensterrahmen sch\u00fctzt das Fenster vor Kratzern und Verschmutzungen w\u00e4hrend der Arbeiten verbessert die \u00c4sthetik der Putzoberfl\u00e4che Erkl\u00e4rung der technischen Eigenschaften: DWU 14_2023 PVC_PP Fensterverkleidung Technische Informationen: Technische Informationen_Fensterverkleidung<\/p>","protected":false},"featured_media":866,"comment_status":"open","ping_status":"closed","template":"","meta":{"_acf_changed":false},"product_cat":[19],"product_tag":[27],"class_list":{"0":"post-864","1":"product","2":"type-product","3":"status-publish","4":"has-post-thumbnail","6":"product_cat-do-tynkowania","7":"product_tag-pcv","9":"first","10":"instock","11":"shipping-taxable","12":"product-type-simple"},"acf":[],"_links":{"self":[{"href":"https:\/\/profigips.com\/de\/wp-json\/wp\/v2\/product\/864","targetHints":{"allow":["GET"]}}],"collection":[{"href":"https:\/\/profigips.com\/de\/wp-json\/wp\/v2\/product"}],"about":[{"href":"https:\/\/profigips.com\/de\/wp-json\/wp\/v2\/types\/product"}],"replies":[{"embeddable":true,"href":"https:\/\/profigips.com\/de\/wp-json\/wp\/v2\/comments?post=864"}],"wp:featuredmedia":[{"embeddable":true,"href":"https:\/\/profigips.com\/de\/wp-json\/wp\/v2\/media\/866"}],"wp:attachment":[{"href":"https:\/\/profigips.com\/de\/wp-json\/wp\/v2\/media?parent=864"}],"wp:term":[{"taxonomy":"product_cat","embeddable":true,"href":"https:\/\/profigips.com\/de\/wp-json\/wp\/v2\/product_cat?post=864"},{"taxonomy":"product_tag","embeddable":true,"href":"https:\/\/profigips.com\/de\/wp-json\/wp\/v2\/product_tag?post=864"}],"curies":[{"name":"wp","href":"https:\/\/api.w.org\/{rel}","templated":true}]}}