{"id":888,"date":"2023-04-04T15:34:08","date_gmt":"2023-04-04T13:34:08","guid":{"rendered":"http:\/\/az-serwer1862899.online.pro\/autoinstalator\/wordpress4\/?post_type=product&#038;p=888"},"modified":"2024-03-24T21:03:43","modified_gmt":"2024-03-24T20:03:43","slug":"profil-okapowy-z-folia-ochronna","status":"publish","type":"product","link":"https:\/\/profigips.com\/de\/product\/profil-okapowy-z-folia-ochronna\/","title":{"rendered":"Traufprofil mit Schutzfolie"},"content":{"rendered":"<ul>\n<li>verhindert das Abflie\u00dfen von Regenwasser,<\/li>\n<li>st\u00e4rkt die Kanten der Fassade,<\/li>\n<li>innovative, rei\u00dffeste Verbindung zwischen dem Netz und dem Profil,<\/li>\n<li>Die Maschenverklebung ist best\u00e4ndig gegen hohe Temperaturen und chemische L\u00f6sungsmittel,<\/li>\n<\/ul>\n<p>Erkl\u00e4rung der technischen Merkmale:<\/p>\n<p><a href=\"\/wp-content\/uploads\/2023\/04\/DWU-16_2023-Profile-okapowe-z-siatka_PKLS_PKFS_PKSS.pdf\">DWU 16_2023 Traufprofile aus Drahtgewebe_PKLS_PKFS_PKSS<\/a><\/p>\n<p>Technische Informationen:<\/p>\n<p><a href=\"\/wp-content\/uploads\/2023\/04\/Informacja-techniczna_Produkty-do-docieplen.pdf\">Technische Informationen_ W\u00e4rmed\u00e4mmprodukte<\/a><\/p>","protected":false},"excerpt":{"rendered":"<p>Verhindert das Abflie\u00dfen von Regenwasser, verst\u00e4rkt die Fassadenkanten, innovative Verbindung zwischen Gewebe und Profil, hochrei\u00dffest, Gewebeverbindung best\u00e4ndig gegen hohe Temperaturen und chemische L\u00f6sungsmittel, Erkl\u00e4rung der technischen Eigenschaften: DWU 16_2023 Traufprofile mit Gewebe_PKLS_PKFS_PKSS Technische Information: Technische Information_Produkte zur W\u00e4rmed\u00e4mmung<\/p>","protected":false},"featured_media":889,"comment_status":"open","ping_status":"closed","template":"","meta":{"_acf_changed":false},"product_cat":[20,31],"product_tag":[27],"class_list":{"0":"post-888","1":"product","2":"type-product","3":"status-publish","4":"has-post-thumbnail","6":"product_cat-do-ocieplen","7":"product_cat-szczegolnie-polecane","8":"product_tag-pcv","10":"first","11":"instock","12":"shipping-taxable","13":"product-type-simple"},"acf":[],"_links":{"self":[{"href":"https:\/\/profigips.com\/de\/wp-json\/wp\/v2\/product\/888","targetHints":{"allow":["GET"]}}],"collection":[{"href":"https:\/\/profigips.com\/de\/wp-json\/wp\/v2\/product"}],"about":[{"href":"https:\/\/profigips.com\/de\/wp-json\/wp\/v2\/types\/product"}],"replies":[{"embeddable":true,"href":"https:\/\/profigips.com\/de\/wp-json\/wp\/v2\/comments?post=888"}],"wp:featuredmedia":[{"embeddable":true,"href":"https:\/\/profigips.com\/de\/wp-json\/wp\/v2\/media\/889"}],"wp:attachment":[{"href":"https:\/\/profigips.com\/de\/wp-json\/wp\/v2\/media?parent=888"}],"wp:term":[{"taxonomy":"product_cat","embeddable":true,"href":"https:\/\/profigips.com\/de\/wp-json\/wp\/v2\/product_cat?post=888"},{"taxonomy":"product_tag","embeddable":true,"href":"https:\/\/profigips.com\/de\/wp-json\/wp\/v2\/product_tag?post=888"}],"curies":[{"name":"wp","href":"https:\/\/api.w.org\/{rel}","templated":true}]}}