{"id":897,"date":"2023-04-04T15:52:29","date_gmt":"2023-04-04T13:52:29","guid":{"rendered":"http:\/\/az-serwer1862899.online.pro\/autoinstalator\/wordpress4\/?post_type=product&#038;p=897"},"modified":"2024-03-24T21:00:40","modified_gmt":"2024-03-24T20:00:40","slug":"naroznik-pcv-do-lukow-z-siatka","status":"publish","type":"product","link":"https:\/\/profigips.com\/de\/product\/naroznik-pcv-do-lukow-z-siatka\/","title":{"rendered":"PVC-Ecke f\u00fcr B\u00f6gen mit Netz"},"content":{"rendered":"<ul>\n<li>erm\u00f6glicht die Gestaltung von gleichm\u00e4\u00dfigen Fassadenkanten mit radialen Formen<\/li>\n<\/ul>\n<p>Erkl\u00e4rung der technischen Merkmale:<\/p>\n<p><a href=\"\/wp-content\/uploads\/2023\/04\/DWU-07_2023-Narozniki-PCV-do-lukow-z-siatka_PNLS.pdf\">DWU 07_2023 PVC-Ecken f\u00fcr B\u00f6gen mit Netz_PNLS<\/a><\/p>\n<p>Technische Informationen:<\/p>\n<p><a href=\"\/wp-content\/uploads\/2023\/04\/Informacja-techniczna_Produkty-do-docieplen.pdf\">Technische Informationen_ W\u00e4rmed\u00e4mmprodukte<\/a><\/p>","protected":false},"excerpt":{"rendered":"<p>erm\u00f6glicht die Schaffung von gleichm\u00e4\u00dfigen Fassadenkanten mit radialen Formen Erkl\u00e4rung der technischen Eigenschaften: DWU 07_2023 PVC-Ecken f\u00fcr B\u00f6gen mit Netz_PNLS Technische Informationen: Technische Informationen_Produkte zur W\u00e4rmed\u00e4mmung<\/p>","protected":false},"featured_media":898,"comment_status":"open","ping_status":"closed","template":"","meta":{"_acf_changed":false},"product_cat":[20,31],"product_tag":[27],"class_list":{"0":"post-897","1":"product","2":"type-product","3":"status-publish","4":"has-post-thumbnail","6":"product_cat-do-ocieplen","7":"product_cat-szczegolnie-polecane","8":"product_tag-pcv","10":"first","11":"instock","12":"shipping-taxable","13":"product-type-simple"},"acf":[],"_links":{"self":[{"href":"https:\/\/profigips.com\/de\/wp-json\/wp\/v2\/product\/897","targetHints":{"allow":["GET"]}}],"collection":[{"href":"https:\/\/profigips.com\/de\/wp-json\/wp\/v2\/product"}],"about":[{"href":"https:\/\/profigips.com\/de\/wp-json\/wp\/v2\/types\/product"}],"replies":[{"embeddable":true,"href":"https:\/\/profigips.com\/de\/wp-json\/wp\/v2\/comments?post=897"}],"wp:featuredmedia":[{"embeddable":true,"href":"https:\/\/profigips.com\/de\/wp-json\/wp\/v2\/media\/898"}],"wp:attachment":[{"href":"https:\/\/profigips.com\/de\/wp-json\/wp\/v2\/media?parent=897"}],"wp:term":[{"taxonomy":"product_cat","embeddable":true,"href":"https:\/\/profigips.com\/de\/wp-json\/wp\/v2\/product_cat?post=897"},{"taxonomy":"product_tag","embeddable":true,"href":"https:\/\/profigips.com\/de\/wp-json\/wp\/v2\/product_tag?post=897"}],"curies":[{"name":"wp","href":"https:\/\/api.w.org\/{rel}","templated":true}]}}