{"id":906,"date":"2023-04-04T16:07:09","date_gmt":"2023-04-04T14:07:09","guid":{"rendered":"http:\/\/az-serwer1862899.online.pro\/autoinstalator\/wordpress4\/?post_type=product&#038;p=906"},"modified":"2024-03-24T20:57:24","modified_gmt":"2024-03-24T19:57:24","slug":"listwa-pcv-do-boniowania","status":"publish","type":"product","link":"https:\/\/profigips.com\/de\/product\/listwa-pcv-do-boniowania\/","title":{"rendered":"PVC-Sockelleiste f\u00fcr Rustikalisierung - Rustikalisierung"},"content":{"rendered":"<ul>\n<li>dekoratives Element<\/li>\n<li>garantiert eine gerade Kante bei der Rustikalisierung<\/li>\n<\/ul>\n<p>Erkl\u00e4rung zur Leistung:<\/p>\n<p><a href=\"\/wp-content\/uploads\/2023\/04\/DWU-21_2023-Listwy-do-boniowania_PB.pdf\">DWU 21_2023 Latten f\u00fcr Rustikalisierung_PB<\/a><\/p>\n<p>Technische Informationen:<\/p>\n<p><a href=\"\/wp-content\/uploads\/2023\/04\/Informacja-techniczna_Produkty-do-docieplen.pdf\">Technische Informationen_ W\u00e4rmed\u00e4mmprodukte<\/a><\/p>","protected":false},"excerpt":{"rendered":"<p>das Zierelement sorgt daf\u00fcr, dass die geraden Kanten der Rustizierung erreicht werden Leistungserkl\u00e4rung: DWU 21_2023 Rechenleisten_PB Technische Information: Technische Information_ W\u00e4rmed\u00e4mmstoffe<\/p>","protected":false},"featured_media":907,"comment_status":"open","ping_status":"closed","template":"","meta":{"_acf_changed":false},"product_cat":[20,31],"product_tag":[27],"class_list":{"0":"post-906","1":"product","2":"type-product","3":"status-publish","4":"has-post-thumbnail","6":"product_cat-do-ocieplen","7":"product_cat-szczegolnie-polecane","8":"product_tag-pcv","10":"first","11":"instock","12":"shipping-taxable","13":"product-type-simple"},"acf":[],"_links":{"self":[{"href":"https:\/\/profigips.com\/de\/wp-json\/wp\/v2\/product\/906","targetHints":{"allow":["GET"]}}],"collection":[{"href":"https:\/\/profigips.com\/de\/wp-json\/wp\/v2\/product"}],"about":[{"href":"https:\/\/profigips.com\/de\/wp-json\/wp\/v2\/types\/product"}],"replies":[{"embeddable":true,"href":"https:\/\/profigips.com\/de\/wp-json\/wp\/v2\/comments?post=906"}],"wp:featuredmedia":[{"embeddable":true,"href":"https:\/\/profigips.com\/de\/wp-json\/wp\/v2\/media\/907"}],"wp:attachment":[{"href":"https:\/\/profigips.com\/de\/wp-json\/wp\/v2\/media?parent=906"}],"wp:term":[{"taxonomy":"product_cat","embeddable":true,"href":"https:\/\/profigips.com\/de\/wp-json\/wp\/v2\/product_cat?post=906"},{"taxonomy":"product_tag","embeddable":true,"href":"https:\/\/profigips.com\/de\/wp-json\/wp\/v2\/product_tag?post=906"}],"curies":[{"name":"wp","href":"https:\/\/api.w.org\/{rel}","templated":true}]}}