{"id":912,"date":"2023-04-04T16:13:01","date_gmt":"2023-04-04T14:13:01","guid":{"rendered":"http:\/\/az-serwer1862899.online.pro\/autoinstalator\/wordpress4\/?post_type=product&#038;p=912"},"modified":"2024-03-24T20:58:38","modified_gmt":"2024-03-24T19:58:38","slug":"listwa-zakonczeniowa-do-folii-kubelkowej-50-mm","status":"publish","type":"product","link":"https:\/\/profigips.com\/de\/product\/listwa-zakonczeniowa-do-folii-kubelkowej-50-mm\/","title":{"rendered":"50 mm Abschlussleiste f\u00fcr Schaufelauskleidung"},"content":{"rendered":"<ul>\n<li>beendet den Rand der Eimerfolie<\/li>\n<li>verhindert, dass Sand zwischen die Folie und das Fundament gelangt<\/li>\n<\/ul>\n<p>Erkl\u00e4rung zur Leistung:<\/p>\n<p><a href=\"\/wp-content\/uploads\/2023\/04\/DWU-18_2023-Listwy-do-folii-kubelkowej_PLK50_PLK80.pdf\">DWU 18_2023 Lamellen f\u00fcr Eimerfolie_PLK50_PLK80<\/a><\/p>","protected":false},"excerpt":{"rendered":"<p>beendet den Rand der Bechermembran und verhindert, dass Sand zwischen die Membran und das Fundament ger\u00e4t Erkl\u00e4rung zur Leistung: DWU 18_2023 Lamellen f\u00fcr Bechermembran_PLK50_PLK80<\/p>","protected":false},"featured_media":913,"comment_status":"open","ping_status":"closed","template":"","meta":{"_acf_changed":false},"product_cat":[20,31],"product_tag":[27],"class_list":{"0":"post-912","1":"product","2":"type-product","3":"status-publish","4":"has-post-thumbnail","6":"product_cat-do-ocieplen","7":"product_cat-szczegolnie-polecane","8":"product_tag-pcv","10":"first","11":"instock","12":"shipping-taxable","13":"product-type-simple"},"acf":[],"_links":{"self":[{"href":"https:\/\/profigips.com\/de\/wp-json\/wp\/v2\/product\/912","targetHints":{"allow":["GET"]}}],"collection":[{"href":"https:\/\/profigips.com\/de\/wp-json\/wp\/v2\/product"}],"about":[{"href":"https:\/\/profigips.com\/de\/wp-json\/wp\/v2\/types\/product"}],"replies":[{"embeddable":true,"href":"https:\/\/profigips.com\/de\/wp-json\/wp\/v2\/comments?post=912"}],"wp:featuredmedia":[{"embeddable":true,"href":"https:\/\/profigips.com\/de\/wp-json\/wp\/v2\/media\/913"}],"wp:attachment":[{"href":"https:\/\/profigips.com\/de\/wp-json\/wp\/v2\/media?parent=912"}],"wp:term":[{"taxonomy":"product_cat","embeddable":true,"href":"https:\/\/profigips.com\/de\/wp-json\/wp\/v2\/product_cat?post=912"},{"taxonomy":"product_tag","embeddable":true,"href":"https:\/\/profigips.com\/de\/wp-json\/wp\/v2\/product_tag?post=912"}],"curies":[{"name":"wp","href":"https:\/\/api.w.org\/{rel}","templated":true}]}}