{"id":927,"date":"2023-04-04T16:32:51","date_gmt":"2023-04-04T14:32:51","guid":{"rendered":"http:\/\/az-serwer1862899.online.pro\/autoinstalator\/wordpress4\/?post_type=product&#038;p=927"},"modified":"2024-03-24T21:04:34","modified_gmt":"2024-03-24T20:04:34","slug":"zloty-dab-profil-przyokienny-z-uszczelka-i-siatka","status":"publish","type":"product","link":"https:\/\/profigips.com\/de\/product\/zloty-dab-profil-przyokienny-z-uszczelka-i-siatka\/","title":{"rendered":"Goldene Eiche - Fensterprofil mit Dichtung und Netz"},"content":{"rendered":"<ul>\n<li>verhindert Risse in der Fuge zwischen Putz und Fensterrahmen<\/li>\n<li>sch\u00fctzt die Fenster vor Kratzern und Schmutz w\u00e4hrend der Arbeit<\/li>\n<li>verbessert die \u00c4sthetik der Putzoberfl\u00e4che<\/li>\n<\/ul>\n<p>Erkl\u00e4rung der technischen Merkmale:<\/p>\n<p><a href=\"\/wp-content\/uploads\/2023\/04\/DWU-15_2023-Listwy-przyokienne-PCV-z-siatka_PPS.pdf\">DWU 15_2023 PVC-Fensterverkleidungen mit Netz_PPS<\/a><\/p>\n<p>Technische Informationen:<\/p>\n<p><a href=\"\/wp-content\/uploads\/2023\/04\/Informacja-techniczna_Listwy-przyokienne.pdf\">Technische Informationen_Fensterlamellen<\/a><\/p>","protected":false},"excerpt":{"rendered":"<p>verhindert Risse an der Fuge zwischen Putz und Fensterrahmen sch\u00fctzt das Fenster vor Kratzern und Verschmutzungen w\u00e4hrend der Arbeiten verbessert die \u00c4sthetik der Putzoberfl\u00e4che Erkl\u00e4rung der technischen Eigenschaften: DWU 15_2023 PVC-Fenstereinfassung mit Netz_PPS Technische Informationen: Technische Informationen_Fenstereinfassung<\/p>","protected":false},"featured_media":928,"comment_status":"open","ping_status":"closed","template":"","meta":{"_acf_changed":false},"product_cat":[20,31],"product_tag":[27],"class_list":{"0":"post-927","1":"product","2":"type-product","3":"status-publish","4":"has-post-thumbnail","6":"product_cat-do-ocieplen","7":"product_cat-szczegolnie-polecane","8":"product_tag-pcv","10":"first","11":"instock","12":"shipping-taxable","13":"product-type-simple"},"acf":[],"_links":{"self":[{"href":"https:\/\/profigips.com\/de\/wp-json\/wp\/v2\/product\/927","targetHints":{"allow":["GET"]}}],"collection":[{"href":"https:\/\/profigips.com\/de\/wp-json\/wp\/v2\/product"}],"about":[{"href":"https:\/\/profigips.com\/de\/wp-json\/wp\/v2\/types\/product"}],"replies":[{"embeddable":true,"href":"https:\/\/profigips.com\/de\/wp-json\/wp\/v2\/comments?post=927"}],"wp:featuredmedia":[{"embeddable":true,"href":"https:\/\/profigips.com\/de\/wp-json\/wp\/v2\/media\/928"}],"wp:attachment":[{"href":"https:\/\/profigips.com\/de\/wp-json\/wp\/v2\/media?parent=927"}],"wp:term":[{"taxonomy":"product_cat","embeddable":true,"href":"https:\/\/profigips.com\/de\/wp-json\/wp\/v2\/product_cat?post=927"},{"taxonomy":"product_tag","embeddable":true,"href":"https:\/\/profigips.com\/de\/wp-json\/wp\/v2\/product_tag?post=927"}],"curies":[{"name":"wp","href":"https:\/\/api.w.org\/{rel}","templated":true}]}}