{"id":934,"date":"2023-04-04T16:41:24","date_gmt":"2023-04-04T14:41:24","guid":{"rendered":"http:\/\/az-serwer1862899.online.pro\/autoinstalator\/wordpress4\/?post_type=product&#038;p=934"},"modified":"2024-03-24T20:57:52","modified_gmt":"2024-03-24T19:57:52","slug":"listwa-uniwersalna-z-siatka-2","status":"publish","type":"product","link":"https:\/\/profigips.com\/de\/product\/listwa-uniwersalna-z-siatka-2\/","title":{"rendered":"Universal-Gitterband"},"content":{"rendered":"<ul>\n<li>erm\u00f6glicht es, die Ecken der ged\u00e4mmten Fassade mit anderen Winkeln als 90\u00b0 auszuf\u00fchren<\/li>\n<\/ul>\n<p>&nbsp;<\/p>\n<p>Erkl\u00e4rung zur Leistung:<\/p>\n<p><a href=\"\/wp-content\/uploads\/2023\/04\/DWU-13_2023-Listwy-uniwersalne-PCV-z-siatka_PUS.pdf\">DWU 13_2023 PVC-Universallamellen mit Netz_PUS<\/a><\/p>\n<p>Technische Informationen:<\/p>\n<p><a href=\"\/wp-content\/uploads\/2023\/04\/Informacja-techniczna_Produkty-do-docieplen.pdf\">Technische Informationen_ W\u00e4rmed\u00e4mmprodukte<\/a><\/p>","protected":false},"excerpt":{"rendered":"<p>erm\u00f6glicht es, Ecken einer ged\u00e4mmten Fassade mit anderen Winkeln als 90\u00b0 als Leistungserkl\u00e4rung auszuf\u00fchren: DWU 13_2023 PVC-Universallattung mit Gewebe_PUS Technische Information: Technische Information_Produkte f\u00fcr die W\u00e4rmed\u00e4mmung<\/p>","protected":false},"featured_media":935,"comment_status":"open","ping_status":"closed","template":"","meta":{"_acf_changed":false},"product_cat":[20,31],"product_tag":[27],"class_list":{"0":"post-934","1":"product","2":"type-product","3":"status-publish","4":"has-post-thumbnail","6":"product_cat-do-ocieplen","7":"product_cat-szczegolnie-polecane","8":"product_tag-pcv","10":"first","11":"instock","12":"shipping-taxable","13":"product-type-simple"},"acf":[],"_links":{"self":[{"href":"https:\/\/profigips.com\/de\/wp-json\/wp\/v2\/product\/934","targetHints":{"allow":["GET"]}}],"collection":[{"href":"https:\/\/profigips.com\/de\/wp-json\/wp\/v2\/product"}],"about":[{"href":"https:\/\/profigips.com\/de\/wp-json\/wp\/v2\/types\/product"}],"replies":[{"embeddable":true,"href":"https:\/\/profigips.com\/de\/wp-json\/wp\/v2\/comments?post=934"}],"wp:featuredmedia":[{"embeddable":true,"href":"https:\/\/profigips.com\/de\/wp-json\/wp\/v2\/media\/935"}],"wp:attachment":[{"href":"https:\/\/profigips.com\/de\/wp-json\/wp\/v2\/media?parent=934"}],"wp:term":[{"taxonomy":"product_cat","embeddable":true,"href":"https:\/\/profigips.com\/de\/wp-json\/wp\/v2\/product_cat?post=934"},{"taxonomy":"product_tag","embeddable":true,"href":"https:\/\/profigips.com\/de\/wp-json\/wp\/v2\/product_tag?post=934"}],"curies":[{"name":"wp","href":"https:\/\/api.w.org\/{rel}","templated":true}]}}