{"id":951,"date":"2023-04-04T17:12:57","date_gmt":"2023-04-04T15:12:57","guid":{"rendered":"http:\/\/az-serwer1862899.online.pro\/autoinstalator\/wordpress4\/?post_type=product&#038;p=951"},"modified":"2024-03-24T21:11:52","modified_gmt":"2024-03-24T20:11:52","slug":"naroznik-pcv","status":"publish","type":"product","link":"https:\/\/profigips.com\/de\/product\/naroznik-pcv\/","title":{"rendered":"PVC-Ecke"},"content":{"rendered":"<ul>\n<li>verbessert die \u00c4sthetik der Oberfl\u00e4che<\/li>\n<li>sch\u00fctzt die Ecke einer Gipskartonwand<\/li>\n<\/ul>\n<p>&nbsp;<\/p>\n<p>Erkl\u00e4rung zur Leistung:<\/p>\n<p><a href=\"\/wp-content\/uploads\/2023\/04\/DWU-10_2023-Narozniki-PCV_PN.pdf\">DWU 10_2023 PVC-Ecken_PN<\/a><\/p>","protected":false},"excerpt":{"rendered":"<p>verbessert die \u00c4sthetik der Oberfl\u00e4che sch\u00fctzt die Ecke der Gipskartonwand Erkl\u00e4rung der Leistung: DWU 10_2023 PVC-Ecken_PN<\/p>","protected":false},"featured_media":953,"comment_status":"open","ping_status":"closed","template":"","meta":{"_acf_changed":false},"product_cat":[21],"product_tag":[27],"class_list":{"0":"post-951","1":"product","2":"type-product","3":"status-publish","4":"has-post-thumbnail","6":"product_cat-do-wykonczen","7":"product_tag-pcv","9":"first","10":"instock","11":"shipping-taxable","12":"product-type-simple"},"acf":[],"_links":{"self":[{"href":"https:\/\/profigips.com\/de\/wp-json\/wp\/v2\/product\/951","targetHints":{"allow":["GET"]}}],"collection":[{"href":"https:\/\/profigips.com\/de\/wp-json\/wp\/v2\/product"}],"about":[{"href":"https:\/\/profigips.com\/de\/wp-json\/wp\/v2\/types\/product"}],"replies":[{"embeddable":true,"href":"https:\/\/profigips.com\/de\/wp-json\/wp\/v2\/comments?post=951"}],"wp:featuredmedia":[{"embeddable":true,"href":"https:\/\/profigips.com\/de\/wp-json\/wp\/v2\/media\/953"}],"wp:attachment":[{"href":"https:\/\/profigips.com\/de\/wp-json\/wp\/v2\/media?parent=951"}],"wp:term":[{"taxonomy":"product_cat","embeddable":true,"href":"https:\/\/profigips.com\/de\/wp-json\/wp\/v2\/product_cat?post=951"},{"taxonomy":"product_tag","embeddable":true,"href":"https:\/\/profigips.com\/de\/wp-json\/wp\/v2\/product_tag?post=951"}],"curies":[{"name":"wp","href":"https:\/\/api.w.org\/{rel}","templated":true}]}}