{"id":966,"date":"2023-04-04T17:38:17","date_gmt":"2023-04-04T15:38:17","guid":{"rendered":"http:\/\/az-serwer1862899.online.pro\/autoinstalator\/wordpress4\/?post_type=product&#038;p=966"},"modified":"2024-03-24T21:10:01","modified_gmt":"2024-03-24T20:10:01","slug":"naroznik-aluminiowy","status":"publish","type":"product","link":"https:\/\/profigips.com\/de\/product\/naroznik-aluminiowy\/","title":{"rendered":"Aluminium-Ecke"},"content":{"rendered":"<ul>\n<li>Verbessert die \u00c4sthetik der Oberfl\u00e4che<\/li>\n<li>sch\u00fctzt die Ecke einer Gipskartonwand<\/li>\n<\/ul>\n<p>Erkl\u00e4rung zur Leistung:<\/p>\n<p><a href=\"\/wp-content\/uploads\/2023\/04\/DWU-02_2023-Aluminiowe-narozniki-i-polnarozniki_AN_AP.pdf\">DWU 02_2023 Aluminium Ecken und Halbecken_AN_AP<\/a><\/p>","protected":false},"excerpt":{"rendered":"<p>Verbessert die \u00c4sthetik der Oberfl\u00e4che sch\u00fctzt die Ecke der Gipskartonwand Erkl\u00e4rung der Leistung: DWU 02_2023 Aluminiumecken und halbe Ecken_AN_AP<\/p>","protected":false},"featured_media":967,"comment_status":"open","ping_status":"closed","template":"","meta":{"_acf_changed":false},"product_cat":[21,31],"product_tag":[28],"class_list":{"0":"post-966","1":"product","2":"type-product","3":"status-publish","4":"has-post-thumbnail","6":"product_cat-do-wykonczen","7":"product_cat-szczegolnie-polecane","8":"product_tag-aluminium","10":"first","11":"instock","12":"shipping-taxable","13":"product-type-simple"},"acf":[],"_links":{"self":[{"href":"https:\/\/profigips.com\/de\/wp-json\/wp\/v2\/product\/966","targetHints":{"allow":["GET"]}}],"collection":[{"href":"https:\/\/profigips.com\/de\/wp-json\/wp\/v2\/product"}],"about":[{"href":"https:\/\/profigips.com\/de\/wp-json\/wp\/v2\/types\/product"}],"replies":[{"embeddable":true,"href":"https:\/\/profigips.com\/de\/wp-json\/wp\/v2\/comments?post=966"}],"wp:featuredmedia":[{"embeddable":true,"href":"https:\/\/profigips.com\/de\/wp-json\/wp\/v2\/media\/967"}],"wp:attachment":[{"href":"https:\/\/profigips.com\/de\/wp-json\/wp\/v2\/media?parent=966"}],"wp:term":[{"taxonomy":"product_cat","embeddable":true,"href":"https:\/\/profigips.com\/de\/wp-json\/wp\/v2\/product_cat?post=966"},{"taxonomy":"product_tag","embeddable":true,"href":"https:\/\/profigips.com\/de\/wp-json\/wp\/v2\/product_tag?post=966"}],"curies":[{"name":"wp","href":"https:\/\/api.w.org\/{rel}","templated":true}]}}