{"id":972,"date":"2023-04-04T17:41:55","date_gmt":"2023-04-04T15:41:55","guid":{"rendered":"http:\/\/az-serwer1862899.online.pro\/autoinstalator\/wordpress4\/?post_type=product&#038;p=972"},"modified":"2024-03-24T21:09:34","modified_gmt":"2024-03-24T20:09:34","slug":"listwa-dystansowa-do-klinkieru","status":"publish","type":"product","link":"https:\/\/profigips.com\/de\/product\/listwa-dystansowa-do-klinkieru\/","title":{"rendered":"Klinker-Abstandhalterstreifen"},"content":{"rendered":"<ul>\n<li>eine gleichm\u00e4\u00dfige Fugenh\u00f6he zwischen aufeinanderfolgenden Schichten von Ziegeln oder Klinkern aufrechterh\u00e4lt<\/li>\n<\/ul>","protected":false},"excerpt":{"rendered":"<p>eine gleichm\u00e4\u00dfige Fugenh\u00f6he zwischen aufeinanderfolgenden Schichten von Ziegeln oder Klinkern aufrechterh\u00e4lt<\/p>","protected":false},"featured_media":973,"comment_status":"open","ping_status":"closed","template":"","meta":{"_acf_changed":false},"product_cat":[21,31],"product_tag":[27],"class_list":{"0":"post-972","1":"product","2":"type-product","3":"status-publish","4":"has-post-thumbnail","6":"product_cat-do-wykonczen","7":"product_cat-szczegolnie-polecane","8":"product_tag-pcv","10":"first","11":"instock","12":"shipping-taxable","13":"product-type-simple"},"acf":[],"_links":{"self":[{"href":"https:\/\/profigips.com\/de\/wp-json\/wp\/v2\/product\/972","targetHints":{"allow":["GET"]}}],"collection":[{"href":"https:\/\/profigips.com\/de\/wp-json\/wp\/v2\/product"}],"about":[{"href":"https:\/\/profigips.com\/de\/wp-json\/wp\/v2\/types\/product"}],"replies":[{"embeddable":true,"href":"https:\/\/profigips.com\/de\/wp-json\/wp\/v2\/comments?post=972"}],"wp:featuredmedia":[{"embeddable":true,"href":"https:\/\/profigips.com\/de\/wp-json\/wp\/v2\/media\/973"}],"wp:attachment":[{"href":"https:\/\/profigips.com\/de\/wp-json\/wp\/v2\/media?parent=972"}],"wp:term":[{"taxonomy":"product_cat","embeddable":true,"href":"https:\/\/profigips.com\/de\/wp-json\/wp\/v2\/product_cat?post=972"},{"taxonomy":"product_tag","embeddable":true,"href":"https:\/\/profigips.com\/de\/wp-json\/wp\/v2\/product_tag?post=972"}],"curies":[{"name":"wp","href":"https:\/\/api.w.org\/{rel}","templated":true}]}}