{"id":974,"date":"2023-04-04T17:43:40","date_gmt":"2023-04-04T15:43:40","guid":{"rendered":"http:\/\/az-serwer1862899.online.pro\/autoinstalator\/wordpress4\/?post_type=product&#038;p=974"},"modified":"2024-03-24T21:10:17","modified_gmt":"2024-03-24T20:10:17","slug":"naroznik-aluminiowy-moletowany","status":"publish","type":"product","link":"https:\/\/profigips.com\/de\/product\/naroznik-aluminiowy-moletowany\/","title":{"rendered":"Aluminium-Eckwulst, gesprenkelt"},"content":{"rendered":"<ul>\n<li>verst\u00e4rkte Ecke<\/li>\n<li>starr und leicht zu installieren<\/li>\n<li>verbessert die \u00c4sthetik der Oberfl\u00e4che<\/li>\n<li>sch\u00fctzt die Ecke einer Gipskartonwand<\/li>\n<\/ul>\n<p>Erkl\u00e4rung zur Leistung:<\/p>\n<p><a href=\"\/wp-content\/uploads\/2023\/04\/DWU-02_2023-Aluminiowe-narozniki-i-polnarozniki_AN_AP.pdf\">DWU 02_2023 Aluminium Ecken und Halbecken_AN_AP<\/a><\/p>","protected":false},"excerpt":{"rendered":"<p>verst\u00e4rkte Ecke starr und einfach zu installieren verbessert die \u00c4sthetik der Oberfl\u00e4che sch\u00fctzt die Ecke der Gipskartonwand Erkl\u00e4rung der Leistung: DWU 02_2023 Aluminium Ecken und halbe Ecken_AN_AP<\/p>","protected":false},"featured_media":975,"comment_status":"open","ping_status":"closed","template":"","meta":{"_acf_changed":false},"product_cat":[21,31],"product_tag":[28],"class_list":{"0":"post-974","1":"product","2":"type-product","3":"status-publish","4":"has-post-thumbnail","6":"product_cat-do-wykonczen","7":"product_cat-szczegolnie-polecane","8":"product_tag-aluminium","10":"first","11":"instock","12":"shipping-taxable","13":"product-type-simple"},"acf":[],"_links":{"self":[{"href":"https:\/\/profigips.com\/de\/wp-json\/wp\/v2\/product\/974","targetHints":{"allow":["GET"]}}],"collection":[{"href":"https:\/\/profigips.com\/de\/wp-json\/wp\/v2\/product"}],"about":[{"href":"https:\/\/profigips.com\/de\/wp-json\/wp\/v2\/types\/product"}],"replies":[{"embeddable":true,"href":"https:\/\/profigips.com\/de\/wp-json\/wp\/v2\/comments?post=974"}],"wp:featuredmedia":[{"embeddable":true,"href":"https:\/\/profigips.com\/de\/wp-json\/wp\/v2\/media\/975"}],"wp:attachment":[{"href":"https:\/\/profigips.com\/de\/wp-json\/wp\/v2\/media?parent=974"}],"wp:term":[{"taxonomy":"product_cat","embeddable":true,"href":"https:\/\/profigips.com\/de\/wp-json\/wp\/v2\/product_cat?post=974"},{"taxonomy":"product_tag","embeddable":true,"href":"https:\/\/profigips.com\/de\/wp-json\/wp\/v2\/product_tag?post=974"}],"curies":[{"name":"wp","href":"https:\/\/api.w.org\/{rel}","templated":true}]}}