{"id":978,"date":"2023-04-04T17:47:23","date_gmt":"2023-04-04T15:47:23","guid":{"rendered":"http:\/\/az-serwer1862899.online.pro\/autoinstalator\/wordpress4\/?post_type=product&#038;p=978"},"modified":"2024-03-24T21:16:40","modified_gmt":"2024-03-24T20:16:40","slug":"profil-zakonczeniowy-c12-z-uszczelka","status":"publish","type":"product","link":"https:\/\/profigips.com\/de\/product\/profil-zakonczeniowy-c12-z-uszczelka\/","title":{"rendered":"Abschlussprofil C12 mit Dichtung"},"content":{"rendered":"<ul>\n<li>sch\u00fctzt die Schnittkante der Gipskartonplatte vor Feuchtigkeit und Besch\u00e4digung<\/li>\n<li>verbessert die \u00c4sthetik der Oberfl\u00e4che<\/li>\n<\/ul>\n<p>Erkl\u00e4rung zur Leistung:<\/p>\n<p><a href=\"\/wp-content\/uploads\/2023\/04\/DWU-04_2023-Profil-C12-z-PCV_PC12.pdf\">DWU 04_2023 Profil C12 aus PVC_PC12<\/a><\/p>","protected":false},"excerpt":{"rendered":"<p>sch\u00fctzt die Schnittkante der Gipskartonplatte vor Feuchtigkeit und Besch\u00e4digung verbessert die \u00c4sthetik der Oberfl\u00e4che Leistungserkl\u00e4rung: DWU 04_2023 Profil C12 mit PVC_PC12<\/p>","protected":false},"featured_media":980,"comment_status":"open","ping_status":"closed","template":"","meta":{"_acf_changed":false},"product_cat":[21,31],"product_tag":[27],"class_list":{"0":"post-978","1":"product","2":"type-product","3":"status-publish","4":"has-post-thumbnail","6":"product_cat-do-wykonczen","7":"product_cat-szczegolnie-polecane","8":"product_tag-pcv","10":"first","11":"instock","12":"shipping-taxable","13":"product-type-simple"},"acf":[],"_links":{"self":[{"href":"https:\/\/profigips.com\/de\/wp-json\/wp\/v2\/product\/978","targetHints":{"allow":["GET"]}}],"collection":[{"href":"https:\/\/profigips.com\/de\/wp-json\/wp\/v2\/product"}],"about":[{"href":"https:\/\/profigips.com\/de\/wp-json\/wp\/v2\/types\/product"}],"replies":[{"embeddable":true,"href":"https:\/\/profigips.com\/de\/wp-json\/wp\/v2\/comments?post=978"}],"wp:featuredmedia":[{"embeddable":true,"href":"https:\/\/profigips.com\/de\/wp-json\/wp\/v2\/media\/980"}],"wp:attachment":[{"href":"https:\/\/profigips.com\/de\/wp-json\/wp\/v2\/media?parent=978"}],"wp:term":[{"taxonomy":"product_cat","embeddable":true,"href":"https:\/\/profigips.com\/de\/wp-json\/wp\/v2\/product_cat?post=978"},{"taxonomy":"product_tag","embeddable":true,"href":"https:\/\/profigips.com\/de\/wp-json\/wp\/v2\/product_tag?post=978"}],"curies":[{"name":"wp","href":"https:\/\/api.w.org\/{rel}","templated":true}]}}