{"id":985,"date":"2023-04-12T17:52:58","date_gmt":"2023-04-12T15:52:58","guid":{"rendered":"http:\/\/az-serwer1862899.online.pro\/autoinstalator\/wordpress4\/?post_type=product&#038;p=985"},"modified":"2024-03-24T21:13:08","modified_gmt":"2024-03-24T20:13:08","slug":"naroznik-pcv-z-noskiem-typu-y","status":"publish","type":"product","link":"https:\/\/profigips.com\/de\/product\/naroznik-pcv-z-noskiem-typu-y\/","title":{"rendered":"PVC-Ecke mit Y-Ecke"},"content":{"rendered":"<ul>\n<li>verbessert die \u00c4sthetik der Oberfl\u00e4che; sch\u00fctzt die Ecke der Gipskartonwand<\/li>\n<\/ul>\n<p>&nbsp;<\/p>\n<p>Erkl\u00e4rung zur Leistung:<\/p>\n<p><a href=\"\/wp-content\/uploads\/2023\/04\/DWU-10_2023-Narozniki-PCV_PN.pdf\" style=\"padding: 10px; color: #ffffff; background-color: #666666; border-radius: 5px; margin-right: 10px;\">DWU 10_2023 PVC-Ecken_PN<\/a><\/p>\n<p>&nbsp;<\/p>","protected":false},"excerpt":{"rendered":"<p>verbessert die \u00c4sthetik der Oberfl\u00e4che; sch\u00fctzt die Ecke der Gipskartonwand Leistungserkl\u00e4rung: DWU 10_2023 PVC-Ecken_PN &nbsp;<\/p>","protected":false},"featured_media":987,"comment_status":"open","ping_status":"closed","template":"","meta":{"_acf_changed":false},"product_cat":[21,30,31],"product_tag":[27],"class_list":{"0":"post-985","1":"product","2":"type-product","3":"status-publish","4":"has-post-thumbnail","6":"product_cat-do-wykonczen","7":"product_cat-nowosci","8":"product_cat-szczegolnie-polecane","9":"product_tag-pcv","11":"first","12":"instock","13":"shipping-taxable","14":"product-type-simple"},"acf":[],"_links":{"self":[{"href":"https:\/\/profigips.com\/de\/wp-json\/wp\/v2\/product\/985","targetHints":{"allow":["GET"]}}],"collection":[{"href":"https:\/\/profigips.com\/de\/wp-json\/wp\/v2\/product"}],"about":[{"href":"https:\/\/profigips.com\/de\/wp-json\/wp\/v2\/types\/product"}],"replies":[{"embeddable":true,"href":"https:\/\/profigips.com\/de\/wp-json\/wp\/v2\/comments?post=985"}],"wp:featuredmedia":[{"embeddable":true,"href":"https:\/\/profigips.com\/de\/wp-json\/wp\/v2\/media\/987"}],"wp:attachment":[{"href":"https:\/\/profigips.com\/de\/wp-json\/wp\/v2\/media?parent=985"}],"wp:term":[{"taxonomy":"product_cat","embeddable":true,"href":"https:\/\/profigips.com\/de\/wp-json\/wp\/v2\/product_cat?post=985"},{"taxonomy":"product_tag","embeddable":true,"href":"https:\/\/profigips.com\/de\/wp-json\/wp\/v2\/product_tag?post=985"}],"curies":[{"name":"wp","href":"https:\/\/api.w.org\/{rel}","templated":true}]}}