{"id":157,"date":"2023-03-23T06:27:02","date_gmt":"2023-03-23T05:27:02","guid":{"rendered":"http:\/\/az-serwer1862899.online.pro\/autoinstalator\/wordpress4\/?post_type=product&#038;p=157"},"modified":"2025-03-24T18:25:07","modified_gmt":"2025-03-24T17:25:07","slug":"naroznik-profigips-do-tynkow","status":"publish","type":"product","link":"https:\/\/profigips.com\/ro\/product\/naroznik-profigips-do-tynkow\/","title":{"rendered":"PROFIGIPS col\u021b de tencuial\u0103"},"content":{"rendered":"<ul>\n<li>utilizat pentru tencuiala de gips<\/li>\n<li>rigid \u0219i u\u0219or de instalat<\/li>\n<li>nu contamineaz\u0103 compu\u0219ii de umplere \u00een timpul prelucr\u0103rii<\/li>\n<li>rezistente la deterior\u0103ri mecanice, la substan\u021be chimice de construc\u021bie \u0219i la condi\u021biile meteorologice<\/li>\n<\/ul>\n<p>Datorit\u0103 lipsei poten\u021bialului de coroziune, poate fi utilizat \u00een zone cu un factor de umiditate ridicat (tencuieli exterioare, piscine, b\u0103i, buc\u0103t\u0103rii, garaje, pivni\u021be etc.) .<\/p>\n<p>Declara\u021bia de performan\u021b\u0103: <a href=\"\/wp-content\/uploads\/2023\/03\/DWU-05_2023-Naroznik-PROFIGIPS_PMT.pdf\">DWU 05_2023 Unitate de col\u021b PROFIGIPS_PMT<\/a><\/p>","protected":false},"excerpt":{"rendered":"<p>aplicat pe tencuiala de gips-carton rigid \u0219i u\u0219or de instalat nu murd\u0103re\u0219te compu\u0219ii de \u00eembinare \u00een timpul prelucr\u0103rii rezistent la deterior\u0103ri mecanice, la substan\u021be chimice de construc\u021bie \u0219i la condi\u021biile atmosferice Datorit\u0103 lipsei posibilit\u0103\u021bii de coroziune, poate fi utilizat \u00een zone cu un factor ridicat de umiditate (tencuieli exterioare, piscine, b\u0103i, buc\u0103t\u0103rii, garaje, pivni\u021be etc.) . Declara\u021bie de performan\u021b\u0103: DWU [...].<\/p>","protected":false},"featured_media":1051,"comment_status":"open","ping_status":"closed","template":"","meta":{"_acf_changed":false},"product_cat":[19,30,31],"product_tag":[27,29],"class_list":{"0":"post-157","1":"product","2":"type-product","3":"status-publish","4":"has-post-thumbnail","6":"product_cat-do-tynkowania","7":"product_cat-nowosci","8":"product_cat-szczegolnie-polecane","9":"product_tag-pcv","10":"product_tag-stal","12":"first","13":"instock","14":"shipping-taxable","15":"product-type-simple"},"acf":[],"_links":{"self":[{"href":"https:\/\/profigips.com\/ro\/wp-json\/wp\/v2\/product\/157","targetHints":{"allow":["GET"]}}],"collection":[{"href":"https:\/\/profigips.com\/ro\/wp-json\/wp\/v2\/product"}],"about":[{"href":"https:\/\/profigips.com\/ro\/wp-json\/wp\/v2\/types\/product"}],"replies":[{"embeddable":true,"href":"https:\/\/profigips.com\/ro\/wp-json\/wp\/v2\/comments?post=157"}],"wp:featuredmedia":[{"embeddable":true,"href":"https:\/\/profigips.com\/ro\/wp-json\/wp\/v2\/media\/1051"}],"wp:attachment":[{"href":"https:\/\/profigips.com\/ro\/wp-json\/wp\/v2\/media?parent=157"}],"wp:term":[{"taxonomy":"product_cat","embeddable":true,"href":"https:\/\/profigips.com\/ro\/wp-json\/wp\/v2\/product_cat?post=157"},{"taxonomy":"product_tag","embeddable":true,"href":"https:\/\/profigips.com\/ro\/wp-json\/wp\/v2\/product_tag?post=157"}],"curies":[{"name":"wp","href":"https:\/\/api.w.org\/{rel}","templated":true}]}}