{"id":847,"date":"2023-04-04T13:49:52","date_gmt":"2023-04-04T11:49:52","guid":{"rendered":"http:\/\/az-serwer1862899.online.pro\/autoinstalator\/wordpress4\/?post_type=product&#038;p=847"},"modified":"2024-03-24T21:20:40","modified_gmt":"2024-03-24T20:20:40","slug":"listwa-podtynkowa-w10","status":"publish","type":"product","link":"https:\/\/profigips.com\/ro\/product\/listwa-podtynkowa-w10\/","title":{"rendered":"W10 band\u0103 de pre-filtru W10"},"content":{"rendered":"<ul>\n<li>faciliteaz\u0103 tencuiala vertical\u0103<\/li>\n<li>regleaz\u0103 grosimea mortarului de tencuial\u0103<\/li>\n<li>poate fi folosit \u0219i ca band\u0103 de ghidare a expansiunii \u0219i a podelei<\/li>\n<\/ul>","protected":false},"excerpt":{"rendered":"<p>u\u0219ureaz\u0103 realizarea tencuielii regleaz\u0103 vertical grosimea mortarului de tencuial\u0103 poate fi folosit \u0219i ca rost de dilatare \u0219i band\u0103 de ghidare a pardoselii<\/p>","protected":false},"featured_media":848,"comment_status":"open","ping_status":"closed","template":"","meta":{"_acf_changed":false},"product_cat":[19,31],"product_tag":[29],"class_list":{"0":"post-847","1":"product","2":"type-product","3":"status-publish","4":"has-post-thumbnail","6":"product_cat-do-tynkowania","7":"product_cat-szczegolnie-polecane","8":"product_tag-stal","10":"first","11":"instock","12":"shipping-taxable","13":"product-type-simple"},"acf":[],"_links":{"self":[{"href":"https:\/\/profigips.com\/ro\/wp-json\/wp\/v2\/product\/847","targetHints":{"allow":["GET"]}}],"collection":[{"href":"https:\/\/profigips.com\/ro\/wp-json\/wp\/v2\/product"}],"about":[{"href":"https:\/\/profigips.com\/ro\/wp-json\/wp\/v2\/types\/product"}],"replies":[{"embeddable":true,"href":"https:\/\/profigips.com\/ro\/wp-json\/wp\/v2\/comments?post=847"}],"wp:featuredmedia":[{"embeddable":true,"href":"https:\/\/profigips.com\/ro\/wp-json\/wp\/v2\/media\/848"}],"wp:attachment":[{"href":"https:\/\/profigips.com\/ro\/wp-json\/wp\/v2\/media?parent=847"}],"wp:term":[{"taxonomy":"product_cat","embeddable":true,"href":"https:\/\/profigips.com\/ro\/wp-json\/wp\/v2\/product_cat?post=847"},{"taxonomy":"product_tag","embeddable":true,"href":"https:\/\/profigips.com\/ro\/wp-json\/wp\/v2\/product_tag?post=847"}],"curies":[{"name":"wp","href":"https:\/\/api.w.org\/{rel}","templated":true}]}}