{"id":851,"date":"2023-04-04T13:52:44","date_gmt":"2023-04-04T11:52:44","guid":{"rendered":"http:\/\/az-serwer1862899.online.pro\/autoinstalator\/wordpress4\/?post_type=product&#038;p=851"},"modified":"2024-03-24T21:28:07","modified_gmt":"2024-03-24T20:28:07","slug":"listwa-z-pcv-podtynkowa-w6","status":"publish","type":"product","link":"https:\/\/profigips.com\/ro\/product\/listwa-z-pcv-podtynkowa-w6\/","title":{"rendered":"Plint\u0103 de plint\u0103 din PVC ascuns\u0103 W6"},"content":{"rendered":"<ul>\n<li>faciliteaz\u0103 tencuiala vertical\u0103<\/li>\n<\/ul>\n<p>&nbsp;<\/p>\n<p>Declara\u021bia de performan\u021b\u0103:<\/p>\n<p><a href=\"\/wp-content\/uploads\/2023\/04\/DWU-22_2023-Listwy-prowadzace-PCV-do-tynkow_PW6_PW10.pdf\">DWU 22_2023 Benzi de ghidare din PVC pentru tencuial\u0103_PW6_PW10<\/a><\/p>","protected":false},"excerpt":{"rendered":"<p>faciliteaz\u0103 tencuirea vertical\u0103 Declara\u021bia de performan\u021b\u0103: DWU 22_2023 Benzi de ghidare pentru tencuial\u0103 din PVC_PW6_PW10<\/p>","protected":false},"featured_media":852,"comment_status":"open","ping_status":"closed","template":"","meta":{"_acf_changed":false},"product_cat":[19,31],"product_tag":[27],"class_list":{"0":"post-851","1":"product","2":"type-product","3":"status-publish","4":"has-post-thumbnail","6":"product_cat-do-tynkowania","7":"product_cat-szczegolnie-polecane","8":"product_tag-pcv","10":"first","11":"instock","12":"shipping-taxable","13":"product-type-simple"},"acf":[],"_links":{"self":[{"href":"https:\/\/profigips.com\/ro\/wp-json\/wp\/v2\/product\/851","targetHints":{"allow":["GET"]}}],"collection":[{"href":"https:\/\/profigips.com\/ro\/wp-json\/wp\/v2\/product"}],"about":[{"href":"https:\/\/profigips.com\/ro\/wp-json\/wp\/v2\/types\/product"}],"replies":[{"embeddable":true,"href":"https:\/\/profigips.com\/ro\/wp-json\/wp\/v2\/comments?post=851"}],"wp:featuredmedia":[{"embeddable":true,"href":"https:\/\/profigips.com\/ro\/wp-json\/wp\/v2\/media\/852"}],"wp:attachment":[{"href":"https:\/\/profigips.com\/ro\/wp-json\/wp\/v2\/media?parent=851"}],"wp:term":[{"taxonomy":"product_cat","embeddable":true,"href":"https:\/\/profigips.com\/ro\/wp-json\/wp\/v2\/product_cat?post=851"},{"taxonomy":"product_tag","embeddable":true,"href":"https:\/\/profigips.com\/ro\/wp-json\/wp\/v2\/product_tag?post=851"}],"curies":[{"name":"wp","href":"https:\/\/api.w.org\/{rel}","templated":true}]}}