{"id":864,"date":"2023-04-04T14:14:18","date_gmt":"2023-04-04T12:14:18","guid":{"rendered":"http:\/\/az-serwer1862899.online.pro\/autoinstalator\/wordpress4\/?post_type=product&#038;p=864"},"modified":"2024-03-24T21:19:40","modified_gmt":"2024-03-24T20:19:40","slug":"czarny-profil-przyokienny-z-uszczelka","status":"publish","type":"product","link":"https:\/\/profigips.com\/ro\/product\/czarny-profil-przyokienny-z-uszczelka\/","title":{"rendered":"Profil de fereastr\u0103 negru cu garnitur\u0103 de etan\u0219are"},"content":{"rendered":"<ul>\n<li>previne fisurile la \u00eembinarea dintre tencuial\u0103 \u0219i rama ferestrei<\/li>\n<li>protejeaz\u0103 geamurile de zg\u00e2rieturi \u0219i murd\u0103rie \u00een timpul lucrului<\/li>\n<li>\u00eembun\u0103t\u0103\u021be\u0219te aspectul estetic al finisajului de tencuial\u0103<\/li>\n<\/ul>\n<p>Declara\u021bia privind caracteristicile tehnice:<\/p>\n<p><a href=\"\/wp-content\/uploads\/2023\/04\/DWU-14_2023-Listwy-przyokienne-PCV_PP.pdf\">DWU 14_2023 Plinte din PVC_PP<\/a><\/p>\n<p>Informa\u021bii tehnice:<\/p>\n<p><a href=\"\/wp-content\/uploads\/2023\/04\/Informacja-techniczna_Listwy-przyokienne.pdf\">Informa\u021bii tehnice_Lame pentru ferestre<\/a><\/p>","protected":false},"excerpt":{"rendered":"<p>previne fisurile la \u00eembinarea dintre tencuial\u0103 \u0219i rama ferestrei protejeaz\u0103 fereastra de zg\u00e2rieturi \u0219i murd\u0103rie \u00een timpul lucrului \u00eembun\u0103t\u0103\u021be\u0219te estetica finisajului tencuielii Declara\u021bie de caracteristici tehnice: DWU 14_2023 PVC_PP Garnitura ferestrei Informa\u021bii tehnice: Informa\u021bii tehnice_Garnitura ferestrei<\/p>","protected":false},"featured_media":866,"comment_status":"open","ping_status":"closed","template":"","meta":{"_acf_changed":false},"product_cat":[19],"product_tag":[27],"class_list":{"0":"post-864","1":"product","2":"type-product","3":"status-publish","4":"has-post-thumbnail","6":"product_cat-do-tynkowania","7":"product_tag-pcv","9":"first","10":"instock","11":"shipping-taxable","12":"product-type-simple"},"acf":[],"_links":{"self":[{"href":"https:\/\/profigips.com\/ro\/wp-json\/wp\/v2\/product\/864","targetHints":{"allow":["GET"]}}],"collection":[{"href":"https:\/\/profigips.com\/ro\/wp-json\/wp\/v2\/product"}],"about":[{"href":"https:\/\/profigips.com\/ro\/wp-json\/wp\/v2\/types\/product"}],"replies":[{"embeddable":true,"href":"https:\/\/profigips.com\/ro\/wp-json\/wp\/v2\/comments?post=864"}],"wp:featuredmedia":[{"embeddable":true,"href":"https:\/\/profigips.com\/ro\/wp-json\/wp\/v2\/media\/866"}],"wp:attachment":[{"href":"https:\/\/profigips.com\/ro\/wp-json\/wp\/v2\/media?parent=864"}],"wp:term":[{"taxonomy":"product_cat","embeddable":true,"href":"https:\/\/profigips.com\/ro\/wp-json\/wp\/v2\/product_cat?post=864"},{"taxonomy":"product_tag","embeddable":true,"href":"https:\/\/profigips.com\/ro\/wp-json\/wp\/v2\/product_tag?post=864"}],"curies":[{"name":"wp","href":"https:\/\/api.w.org\/{rel}","templated":true}]}}