{"id":875,"date":"2023-04-04T15:09:09","date_gmt":"2023-04-04T13:09:09","guid":{"rendered":"http:\/\/az-serwer1862899.online.pro\/autoinstalator\/wordpress4\/?post_type=product&#038;p=875"},"modified":"2023-04-26T13:39:49","modified_gmt":"2023-04-26T11:39:49","slug":"listwa-bellcast","status":"publish","type":"product","link":"https:\/\/profigips.com\/ro\/product\/listwa-bellcast\/","title":{"rendered":"BELLCAST lamele"},"content":{"rendered":"<ul>\n<li>Aplicat pe tencuiala exterioar\u0103<\/li>\n<li>\u00cempiedic\u0103 scurgerile de ap\u0103 de ploaie<\/li>\n<\/ul>\n<p>&nbsp;<\/p>\n<p>Declara\u021bia de performan\u021b\u0103:<\/p>\n<p><a href=\"https:\/\/profigips.com\/wp-content\/uploads\/2023\/04\/DWU-19_2023-Profile-do-tynkow-zewnetrznych_PBC_PSB_PAB_PEX.pdf\">DWU 19_2023 Profile exterioare de tencuial\u0103_PBC_PSB_PAB_PEX<\/a><\/p>","protected":false},"excerpt":{"rendered":"<p>Folosit pentru tencuiala exterioar\u0103 Previne scurgerile de ap\u0103 de ploaie Declara\u021bie de performan\u021b\u0103: DWU 19_2023 Profile de tencuial\u0103 exterioar\u0103_PBC_PSB_PAB_PEX<\/p>","protected":false},"featured_media":876,"comment_status":"open","ping_status":"closed","template":"","meta":{"_acf_changed":false},"product_cat":[22],"product_tag":[27],"class_list":{"0":"post-875","1":"product","2":"type-product","3":"status-publish","4":"has-post-thumbnail","6":"product_cat-do-tynkow-zewnetrznych","7":"product_tag-pcv","9":"first","10":"instock","11":"shipping-taxable","12":"product-type-simple"},"acf":[],"_links":{"self":[{"href":"https:\/\/profigips.com\/ro\/wp-json\/wp\/v2\/product\/875","targetHints":{"allow":["GET"]}}],"collection":[{"href":"https:\/\/profigips.com\/ro\/wp-json\/wp\/v2\/product"}],"about":[{"href":"https:\/\/profigips.com\/ro\/wp-json\/wp\/v2\/types\/product"}],"replies":[{"embeddable":true,"href":"https:\/\/profigips.com\/ro\/wp-json\/wp\/v2\/comments?post=875"}],"wp:featuredmedia":[{"embeddable":true,"href":"https:\/\/profigips.com\/ro\/wp-json\/wp\/v2\/media\/876"}],"wp:attachment":[{"href":"https:\/\/profigips.com\/ro\/wp-json\/wp\/v2\/media?parent=875"}],"wp:term":[{"taxonomy":"product_cat","embeddable":true,"href":"https:\/\/profigips.com\/ro\/wp-json\/wp\/v2\/product_cat?post=875"},{"taxonomy":"product_tag","embeddable":true,"href":"https:\/\/profigips.com\/ro\/wp-json\/wp\/v2\/product_tag?post=875"}],"curies":[{"name":"wp","href":"https:\/\/api.w.org\/{rel}","templated":true}]}}