{"id":882,"date":"2023-04-04T15:24:54","date_gmt":"2023-04-04T13:24:54","guid":{"rendered":"http:\/\/az-serwer1862899.online.pro\/autoinstalator\/wordpress4\/?post_type=product&#038;p=882"},"modified":"2024-03-24T20:53:21","modified_gmt":"2024-03-24T19:53:21","slug":"brazowy-profil-przyokienny-z-uszczelka-i-siatka","status":"publish","type":"product","link":"https:\/\/profigips.com\/ro\/product\/brazowy-profil-przyokienny-z-uszczelka-i-siatka\/","title":{"rendered":"Profil de fereastr\u0103 maro cu garnitur\u0103 \u0219i plas\u0103"},"content":{"rendered":"<ul>\n<li>previne fisurile la \u00eembinarea dintre tencuial\u0103 \u0219i rama ferestrei<\/li>\n<li>protejeaz\u0103 geamurile de zg\u00e2rieturi \u0219i murd\u0103rie \u00een timpul lucrului<\/li>\n<li>\u00eembun\u0103t\u0103\u021be\u0219te aspectul estetic al finisajului fa\u021badei<\/li>\n<\/ul>\n<p>Declara\u021bia privind caracteristicile tehnice:<\/p>\n<p><a href=\"\/wp-content\/uploads\/2023\/04\/DWU-15_2023-Listwy-przyokienne-PCV-z-siatka_PPS.pdf\">DWU 15_2023 Fereastr\u0103 din PVC cu ochiuri de plas\u0103_PPS<\/a><\/p>\n<p>Informa\u021bii tehnice:<\/p>\n<p><a href=\"\/wp-content\/uploads\/2023\/04\/Informacja-techniczna_Listwy-przyokienne.pdf\">Informa\u021bii tehnice_Lame pentru ferestre<\/a><\/p>","protected":false},"excerpt":{"rendered":"<p>previne cr\u0103p\u0103turile la \u00eembinarea dintre tencuial\u0103 \u0219i rama ferestrei protejeaz\u0103 fereastra de zg\u00e2rieturi \u0219i murd\u0103rie \u00een timpul lucr\u0103rilor \u00eembun\u0103t\u0103\u021be\u0219te estetica finisajului fa\u021badei Declara\u021bie de caracteristici tehnice: DWU 15_2023 Ornament de fereastr\u0103 din PVC cu plas\u0103_PPS Informa\u021bii tehnice: Informa\u021bii tehnice_Ornament de fereastr\u0103<\/p>","protected":false},"featured_media":883,"comment_status":"open","ping_status":"closed","template":"","meta":{"_acf_changed":false},"product_cat":[20,31],"product_tag":[27],"class_list":{"0":"post-882","1":"product","2":"type-product","3":"status-publish","4":"has-post-thumbnail","6":"product_cat-do-ocieplen","7":"product_cat-szczegolnie-polecane","8":"product_tag-pcv","10":"first","11":"instock","12":"shipping-taxable","13":"product-type-simple"},"acf":[],"_links":{"self":[{"href":"https:\/\/profigips.com\/ro\/wp-json\/wp\/v2\/product\/882","targetHints":{"allow":["GET"]}}],"collection":[{"href":"https:\/\/profigips.com\/ro\/wp-json\/wp\/v2\/product"}],"about":[{"href":"https:\/\/profigips.com\/ro\/wp-json\/wp\/v2\/types\/product"}],"replies":[{"embeddable":true,"href":"https:\/\/profigips.com\/ro\/wp-json\/wp\/v2\/comments?post=882"}],"wp:featuredmedia":[{"embeddable":true,"href":"https:\/\/profigips.com\/ro\/wp-json\/wp\/v2\/media\/883"}],"wp:attachment":[{"href":"https:\/\/profigips.com\/ro\/wp-json\/wp\/v2\/media?parent=882"}],"wp:term":[{"taxonomy":"product_cat","embeddable":true,"href":"https:\/\/profigips.com\/ro\/wp-json\/wp\/v2\/product_cat?post=882"},{"taxonomy":"product_tag","embeddable":true,"href":"https:\/\/profigips.com\/ro\/wp-json\/wp\/v2\/product_tag?post=882"}],"curies":[{"name":"wp","href":"https:\/\/api.w.org\/{rel}","templated":true}]}}