{"id":885,"date":"2023-04-04T15:31:09","date_gmt":"2023-04-04T13:31:09","guid":{"rendered":"http:\/\/az-serwer1862899.online.pro\/autoinstalator\/wordpress4\/?post_type=product&#038;p=885"},"modified":"2024-03-24T21:02:05","modified_gmt":"2024-03-24T20:02:05","slug":"profil-okapowy","status":"publish","type":"product","link":"https:\/\/profigips.com\/ro\/product\/profil-okapowy\/","title":{"rendered":"Profil de strea\u0219in\u0103"},"content":{"rendered":"<ul>\n<li>\u00eempiedic\u0103 scurgerea apei de ploaie<\/li>\n<li>\u00eent\u0103re\u0219te marginile fa\u021badelor<\/li>\n<\/ul>","protected":false},"excerpt":{"rendered":"<p>\u00cempiedic\u0103 scurgerea apei de ploaie \u00cent\u0103re\u0219te marginile fa\u021badei<\/p>","protected":false},"featured_media":886,"comment_status":"open","ping_status":"closed","template":"","meta":{"_acf_changed":false},"product_cat":[20],"product_tag":[27],"class_list":{"0":"post-885","1":"product","2":"type-product","3":"status-publish","4":"has-post-thumbnail","6":"product_cat-do-ocieplen","7":"product_tag-pcv","9":"first","10":"instock","11":"shipping-taxable","12":"product-type-simple"},"acf":[],"_links":{"self":[{"href":"https:\/\/profigips.com\/ro\/wp-json\/wp\/v2\/product\/885","targetHints":{"allow":["GET"]}}],"collection":[{"href":"https:\/\/profigips.com\/ro\/wp-json\/wp\/v2\/product"}],"about":[{"href":"https:\/\/profigips.com\/ro\/wp-json\/wp\/v2\/types\/product"}],"replies":[{"embeddable":true,"href":"https:\/\/profigips.com\/ro\/wp-json\/wp\/v2\/comments?post=885"}],"wp:featuredmedia":[{"embeddable":true,"href":"https:\/\/profigips.com\/ro\/wp-json\/wp\/v2\/media\/886"}],"wp:attachment":[{"href":"https:\/\/profigips.com\/ro\/wp-json\/wp\/v2\/media?parent=885"}],"wp:term":[{"taxonomy":"product_cat","embeddable":true,"href":"https:\/\/profigips.com\/ro\/wp-json\/wp\/v2\/product_cat?post=885"},{"taxonomy":"product_tag","embeddable":true,"href":"https:\/\/profigips.com\/ro\/wp-json\/wp\/v2\/product_tag?post=885"}],"curies":[{"name":"wp","href":"https:\/\/api.w.org\/{rel}","templated":true}]}}