{"id":932,"date":"2023-04-04T16:38:29","date_gmt":"2023-04-04T14:38:29","guid":{"rendered":"http:\/\/az-serwer1862899.online.pro\/autoinstalator\/wordpress4\/?post_type=product&#038;p=932"},"modified":"2024-03-24T20:55:49","modified_gmt":"2024-03-24T19:55:49","slug":"listwa-dylatacyjna-do-elewacji-katowa","status":"publish","type":"product","link":"https:\/\/profigips.com\/ro\/product\/listwa-dylatacyjna-do-elewacji-katowa\/","title":{"rendered":"Band\u0103 de dilatare a fa\u021badei \u00eenclinat\u0103"},"content":{"rendered":"<ul>\n<li>previne fisurarea tencuielii, care poate ap\u0103rea ca urmare a tensiunilor termice de pe fa\u021bad\u0103<\/li>\n<\/ul>\n<p>&nbsp;<\/p>\n<p>Declara\u021bia de performan\u021b\u0103:<\/p>\n<p><a href=\"\/wp-content\/uploads\/2023\/04\/DWU-17_2023-Listwy-dylatacyjne-do-elewacji_PDP_PDK.pdf\">DWU 17_2023 Benzi de dilatare a fa\u021badelor_PDP_PDK<\/a><\/p>","protected":false},"excerpt":{"rendered":"<p>previne fisurile din tencuial\u0103 care pot ap\u0103rea ca urmare a solicit\u0103rilor termice de pe fa\u021bad\u0103 Declara\u021bia de performan\u021b\u0103: DWU 17_2023 Rosturi de dilatare pentru fa\u021bade_PDP_PDK<\/p>","protected":false},"featured_media":933,"comment_status":"open","ping_status":"closed","template":"","meta":{"_acf_changed":false},"product_cat":[20,31],"product_tag":[27],"class_list":{"0":"post-932","1":"product","2":"type-product","3":"status-publish","4":"has-post-thumbnail","6":"product_cat-do-ocieplen","7":"product_cat-szczegolnie-polecane","8":"product_tag-pcv","10":"first","11":"instock","12":"shipping-taxable","13":"product-type-simple"},"acf":[],"_links":{"self":[{"href":"https:\/\/profigips.com\/ro\/wp-json\/wp\/v2\/product\/932","targetHints":{"allow":["GET"]}}],"collection":[{"href":"https:\/\/profigips.com\/ro\/wp-json\/wp\/v2\/product"}],"about":[{"href":"https:\/\/profigips.com\/ro\/wp-json\/wp\/v2\/types\/product"}],"replies":[{"embeddable":true,"href":"https:\/\/profigips.com\/ro\/wp-json\/wp\/v2\/comments?post=932"}],"wp:featuredmedia":[{"embeddable":true,"href":"https:\/\/profigips.com\/ro\/wp-json\/wp\/v2\/media\/933"}],"wp:attachment":[{"href":"https:\/\/profigips.com\/ro\/wp-json\/wp\/v2\/media?parent=932"}],"wp:term":[{"taxonomy":"product_cat","embeddable":true,"href":"https:\/\/profigips.com\/ro\/wp-json\/wp\/v2\/product_cat?post=932"},{"taxonomy":"product_tag","embeddable":true,"href":"https:\/\/profigips.com\/ro\/wp-json\/wp\/v2\/product_tag?post=932"}],"curies":[{"name":"wp","href":"https:\/\/api.w.org\/{rel}","templated":true}]}}