{"id":947,"date":"2023-04-04T17:02:25","date_gmt":"2023-04-04T15:02:25","guid":{"rendered":"http:\/\/az-serwer1862899.online.pro\/autoinstalator\/wordpress4\/?post_type=product&#038;p=947"},"modified":"2024-03-24T21:04:11","modified_gmt":"2024-03-24T20:04:11","slug":"siatka-podtynkowa-z-wlokna-szklanego","status":"publish","type":"product","link":"https:\/\/profigips.com\/ro\/product\/siatka-podtynkowa-z-wlokna-szklanego\/","title":{"rendered":"Fibr\u0103 de sticl\u0103 ochiuri de plas\u0103 ascuns\u0103"},"content":{"rendered":"<ul>\n<li>\u00eent\u0103re\u0219te stratul de umplutur\u0103-lipici de sub tencuial\u0103<\/li>\n<li>reduce tensiunea cauzat\u0103 de \u00eenc\u0103lzirea peretelui, care provoac\u0103 fisurarea tencuielii<\/li>\n<\/ul>","protected":false},"excerpt":{"rendered":"<p>\u00eent\u0103re\u0219te stratul de clei de umplutur\u0103 de sub tencuial\u0103 reduce tensiunea cauzat\u0103 de \u00eenc\u0103lzirea peretelui, care provoac\u0103 fisurarea tencuielii<\/p>","protected":false},"featured_media":948,"comment_status":"open","ping_status":"closed","template":"","meta":{"_acf_changed":false},"product_cat":[20,31],"product_tag":[27],"class_list":{"0":"post-947","1":"product","2":"type-product","3":"status-publish","4":"has-post-thumbnail","6":"product_cat-do-ocieplen","7":"product_cat-szczegolnie-polecane","8":"product_tag-pcv","10":"first","11":"instock","12":"shipping-taxable","13":"product-type-simple"},"acf":[],"_links":{"self":[{"href":"https:\/\/profigips.com\/ro\/wp-json\/wp\/v2\/product\/947","targetHints":{"allow":["GET"]}}],"collection":[{"href":"https:\/\/profigips.com\/ro\/wp-json\/wp\/v2\/product"}],"about":[{"href":"https:\/\/profigips.com\/ro\/wp-json\/wp\/v2\/types\/product"}],"replies":[{"embeddable":true,"href":"https:\/\/profigips.com\/ro\/wp-json\/wp\/v2\/comments?post=947"}],"wp:featuredmedia":[{"embeddable":true,"href":"https:\/\/profigips.com\/ro\/wp-json\/wp\/v2\/media\/948"}],"wp:attachment":[{"href":"https:\/\/profigips.com\/ro\/wp-json\/wp\/v2\/media?parent=947"}],"wp:term":[{"taxonomy":"product_cat","embeddable":true,"href":"https:\/\/profigips.com\/ro\/wp-json\/wp\/v2\/product_cat?post=947"},{"taxonomy":"product_tag","embeddable":true,"href":"https:\/\/profigips.com\/ro\/wp-json\/wp\/v2\/product_tag?post=947"}],"curies":[{"name":"wp","href":"https:\/\/api.w.org\/{rel}","templated":true}]}}