{"id":962,"date":"2023-04-04T17:35:21","date_gmt":"2023-04-04T15:35:21","guid":{"rendered":"http:\/\/az-serwer1862899.online.pro\/autoinstalator\/wordpress4\/?post_type=product&#038;p=962"},"modified":"2024-03-24T21:16:27","modified_gmt":"2024-03-24T20:16:27","slug":"profil-zakonczeniowy-c12","status":"publish","type":"product","link":"https:\/\/profigips.com\/ro\/product\/profil-zakonczeniowy-c12\/","title":{"rendered":"Profil de cap\u0103t C12"},"content":{"rendered":"<ul>\n<li>protejeaz\u0103 marginea t\u0103iat\u0103 a pl\u0103cii de gips-carton de umiditate \u0219i deteriorare<\/li>\n<li>\u00eembun\u0103t\u0103\u021be\u0219te aspectul estetic al finisajului<\/li>\n<\/ul>\n<p>Declara\u021bia de performan\u021b\u0103:<\/p>\n<p><a href=\"\/wp-content\/uploads\/2023\/04\/DWU-04_2023-Profil-C12-z-PCV_PC12.pdf\">DWU 04_2023 Profil C12 din PVC_PC12<\/a><\/p>","protected":false},"excerpt":{"rendered":"<p>protejeaz\u0103 marginea t\u0103iat\u0103 a pl\u0103cii de gips-carton \u00eempotriva umezelii \u0219i deterior\u0103rii \u00eembun\u0103t\u0103\u021be\u0219te estetica finisajului Declara\u021bie de performan\u021b\u0103: DWU 04_2023 Profil C12 cu PVC_PC12<\/p>","protected":false},"featured_media":963,"comment_status":"open","ping_status":"closed","template":"","meta":{"_acf_changed":false},"product_cat":[21,31],"product_tag":[27],"class_list":{"0":"post-962","1":"product","2":"type-product","3":"status-publish","4":"has-post-thumbnail","6":"product_cat-do-wykonczen","7":"product_cat-szczegolnie-polecane","8":"product_tag-pcv","10":"first","11":"instock","12":"shipping-taxable","13":"product-type-simple"},"acf":[],"_links":{"self":[{"href":"https:\/\/profigips.com\/ro\/wp-json\/wp\/v2\/product\/962","targetHints":{"allow":["GET"]}}],"collection":[{"href":"https:\/\/profigips.com\/ro\/wp-json\/wp\/v2\/product"}],"about":[{"href":"https:\/\/profigips.com\/ro\/wp-json\/wp\/v2\/types\/product"}],"replies":[{"embeddable":true,"href":"https:\/\/profigips.com\/ro\/wp-json\/wp\/v2\/comments?post=962"}],"wp:featuredmedia":[{"embeddable":true,"href":"https:\/\/profigips.com\/ro\/wp-json\/wp\/v2\/media\/963"}],"wp:attachment":[{"href":"https:\/\/profigips.com\/ro\/wp-json\/wp\/v2\/media?parent=962"}],"wp:term":[{"taxonomy":"product_cat","embeddable":true,"href":"https:\/\/profigips.com\/ro\/wp-json\/wp\/v2\/product_cat?post=962"},{"taxonomy":"product_tag","embeddable":true,"href":"https:\/\/profigips.com\/ro\/wp-json\/wp\/v2\/product_tag?post=962"}],"curies":[{"name":"wp","href":"https:\/\/api.w.org\/{rel}","templated":true}]}}