{"id":969,"date":"2023-04-04T17:40:29","date_gmt":"2023-04-04T15:40:29","guid":{"rendered":"http:\/\/az-serwer1862899.online.pro\/autoinstalator\/wordpress4\/?post_type=product&#038;p=969"},"modified":"2024-03-24T21:15:16","modified_gmt":"2024-03-24T20:15:16","slug":"polnaroznik-aluminiowy","status":"publish","type":"product","link":"https:\/\/profigips.com\/ro\/product\/polnaroznik-aluminiowy\/","title":{"rendered":"Jum\u0103tate de col\u021b din aluminiu"},"content":{"rendered":"<ul>\n<li>\u00eembun\u0103t\u0103\u021be\u0219te aspectul estetic al finisajului<\/li>\n<li>protejeaz\u0103 col\u021bul unui perete din gips-carton<\/li>\n<\/ul>\n<p>&nbsp;<\/p>\n<p>Declara\u021bia de performan\u021b\u0103:<\/p>\n<p><a href=\"\/wp-content\/uploads\/2023\/04\/DWU-02_2023-Aluminiowe-narozniki-i-polnarozniki_AN_AP.pdf\">DWU 02_2023 Col\u021buri \u0219i semicercuri din aluminiu_AN_AP<\/a><\/p>","protected":false},"excerpt":{"rendered":"<p>\u00eembun\u0103t\u0103\u021be\u0219te estetica finisajului protejeaz\u0103 col\u021bul peretelui din gips-carton Declara\u021bie de performan\u021b\u0103: DWU 02_2023 Col\u021buri \u0219i semicercuri din aluminiu_AN_AP<\/p>","protected":false},"featured_media":970,"comment_status":"open","ping_status":"closed","template":"","meta":{"_acf_changed":false},"product_cat":[21,31],"product_tag":[28],"class_list":{"0":"post-969","1":"product","2":"type-product","3":"status-publish","4":"has-post-thumbnail","6":"product_cat-do-wykonczen","7":"product_cat-szczegolnie-polecane","8":"product_tag-aluminium","10":"first","11":"instock","12":"shipping-taxable","13":"product-type-simple"},"acf":[],"_links":{"self":[{"href":"https:\/\/profigips.com\/ro\/wp-json\/wp\/v2\/product\/969","targetHints":{"allow":["GET"]}}],"collection":[{"href":"https:\/\/profigips.com\/ro\/wp-json\/wp\/v2\/product"}],"about":[{"href":"https:\/\/profigips.com\/ro\/wp-json\/wp\/v2\/types\/product"}],"replies":[{"embeddable":true,"href":"https:\/\/profigips.com\/ro\/wp-json\/wp\/v2\/comments?post=969"}],"wp:featuredmedia":[{"embeddable":true,"href":"https:\/\/profigips.com\/ro\/wp-json\/wp\/v2\/media\/970"}],"wp:attachment":[{"href":"https:\/\/profigips.com\/ro\/wp-json\/wp\/v2\/media?parent=969"}],"wp:term":[{"taxonomy":"product_cat","embeddable":true,"href":"https:\/\/profigips.com\/ro\/wp-json\/wp\/v2\/product_cat?post=969"},{"taxonomy":"product_tag","embeddable":true,"href":"https:\/\/profigips.com\/ro\/wp-json\/wp\/v2\/product_tag?post=969"}],"curies":[{"name":"wp","href":"https:\/\/api.w.org\/{rel}","templated":true}]}}