{"id":976,"date":"2023-04-04T17:45:23","date_gmt":"2023-04-04T15:45:23","guid":{"rendered":"http:\/\/az-serwer1862899.online.pro\/autoinstalator\/wordpress4\/?post_type=product&#038;p=976"},"modified":"2024-03-24T21:11:40","modified_gmt":"2024-03-24T20:11:40","slug":"naroznik-pcv-2","status":"publish","type":"product","link":"https:\/\/profigips.com\/ro\/product\/naroznik-pcv-2\/","title":{"rendered":"Col\u021b din PVC"},"content":{"rendered":"<ul>\n<li>\u00eembun\u0103t\u0103\u021be\u0219te aspectul estetic al finisajului<\/li>\n<li>protejeaz\u0103 col\u021bul unui perete din gips-carton<\/li>\n<\/ul>","protected":false},"excerpt":{"rendered":"<p>\u00eembun\u0103t\u0103\u021be\u0219te estetica finisajului, protejeaz\u0103 col\u021bul peretelui de gips-carton<\/p>","protected":false},"featured_media":977,"comment_status":"open","ping_status":"closed","template":"","meta":{"_acf_changed":false},"product_cat":[21,31],"product_tag":[27],"class_list":{"0":"post-976","1":"product","2":"type-product","3":"status-publish","4":"has-post-thumbnail","6":"product_cat-do-wykonczen","7":"product_cat-szczegolnie-polecane","8":"product_tag-pcv","10":"first","11":"instock","12":"shipping-taxable","13":"product-type-simple"},"acf":[],"_links":{"self":[{"href":"https:\/\/profigips.com\/ro\/wp-json\/wp\/v2\/product\/976","targetHints":{"allow":["GET"]}}],"collection":[{"href":"https:\/\/profigips.com\/ro\/wp-json\/wp\/v2\/product"}],"about":[{"href":"https:\/\/profigips.com\/ro\/wp-json\/wp\/v2\/types\/product"}],"replies":[{"embeddable":true,"href":"https:\/\/profigips.com\/ro\/wp-json\/wp\/v2\/comments?post=976"}],"wp:featuredmedia":[{"embeddable":true,"href":"https:\/\/profigips.com\/ro\/wp-json\/wp\/v2\/media\/977"}],"wp:attachment":[{"href":"https:\/\/profigips.com\/ro\/wp-json\/wp\/v2\/media?parent=976"}],"wp:term":[{"taxonomy":"product_cat","embeddable":true,"href":"https:\/\/profigips.com\/ro\/wp-json\/wp\/v2\/product_cat?post=976"},{"taxonomy":"product_tag","embeddable":true,"href":"https:\/\/profigips.com\/ro\/wp-json\/wp\/v2\/product_tag?post=976"}],"curies":[{"name":"wp","href":"https:\/\/api.w.org\/{rel}","templated":true}]}}