{"id":988,"date":"2023-04-04T17:55:23","date_gmt":"2023-04-04T15:55:23","guid":{"rendered":"http:\/\/az-serwer1862899.online.pro\/autoinstalator\/wordpress4\/?post_type=product&#038;p=988"},"modified":"2024-03-24T21:14:34","modified_gmt":"2024-03-24T20:14:34","slug":"naroznik-stalowy-perforowany","status":"publish","type":"product","link":"https:\/\/profigips.com\/ro\/product\/naroznik-stalowy-perforowany\/","title":{"rendered":"Col\u021b de o\u021bel perforat"},"content":{"rendered":"<ul>\n<li>\u00eembun\u0103t\u0103\u021be\u0219te aspectul estetic al finisajului.<\/li>\n<li>protejeaz\u0103 pere\u021bii de col\u021b<\/li>\n<\/ul>","protected":false},"excerpt":{"rendered":"<p>\u00eembun\u0103t\u0103\u021be\u0219te aspectul estetic al finisajului. protejeaz\u0103 pere\u021bii de col\u021b.<\/p>","protected":false},"featured_media":989,"comment_status":"open","ping_status":"closed","template":"","meta":{"_acf_changed":false},"product_cat":[21],"product_tag":[29],"class_list":{"0":"post-988","1":"product","2":"type-product","3":"status-publish","4":"has-post-thumbnail","6":"product_cat-do-wykonczen","7":"product_tag-stal","9":"first","10":"instock","11":"shipping-taxable","12":"product-type-simple"},"acf":[],"_links":{"self":[{"href":"https:\/\/profigips.com\/ro\/wp-json\/wp\/v2\/product\/988","targetHints":{"allow":["GET"]}}],"collection":[{"href":"https:\/\/profigips.com\/ro\/wp-json\/wp\/v2\/product"}],"about":[{"href":"https:\/\/profigips.com\/ro\/wp-json\/wp\/v2\/types\/product"}],"replies":[{"embeddable":true,"href":"https:\/\/profigips.com\/ro\/wp-json\/wp\/v2\/comments?post=988"}],"wp:featuredmedia":[{"embeddable":true,"href":"https:\/\/profigips.com\/ro\/wp-json\/wp\/v2\/media\/989"}],"wp:attachment":[{"href":"https:\/\/profigips.com\/ro\/wp-json\/wp\/v2\/media?parent=988"}],"wp:term":[{"taxonomy":"product_cat","embeddable":true,"href":"https:\/\/profigips.com\/ro\/wp-json\/wp\/v2\/product_cat?post=988"},{"taxonomy":"product_tag","embeddable":true,"href":"https:\/\/profigips.com\/ro\/wp-json\/wp\/v2\/product_tag?post=988"}],"curies":[{"name":"wp","href":"https:\/\/api.w.org\/{rel}","templated":true}]}}